{"id":6830,"date":"2023-10-10T15:41:34","date_gmt":"2023-10-10T15:41:34","guid":{"rendered":"https:\/\/leurellas.com\/?post_type=product&#038;p=6830"},"modified":"2025-12-19T07:20:25","modified_gmt":"2025-12-19T07:20:25","slug":"tijera-aoa","status":"publish","type":"product","link":"https:\/\/leurellas.com\/index.php\/product\/tijera-aoa\/","title":{"rendered":"Tijera Aoa"},"content":{"rendered":"<h3>Tijera Aoa<\/h3>\n<div class=\"elementor-element elementor-element-2fe977a elementor-widget__width-initial elementor-widget elementor-widget-woocommerce-product-short-description\" data-id=\"2fe977a\" data-element_type=\"widget\" data-widget_type=\"woocommerce-product-short-description.default\">\n<div class=\"elementor-widget-container\">\n<div class=\"woocommerce-product-details__short-description\">\n<p>Esta tijera de pinza para cejas ultradelgada es la herramienta perfecta para crear cejas con formas perfectas y las hojas a\u00edslan cada cabello para una precisi\u00f3n y control \u00f3ptimos al moldear y recortar las cejas.<\/p>\n<\/div>\n<\/div>\n<\/div>\n<div class=\"elementor-element elementor-element-aabc820 elementor-widget elementor-widget-woocommerce-breadcrumb\" data-id=\"aabc820\" data-element_type=\"widget\" data-widget_type=\"woocommerce-breadcrumb.default\">\n<div class=\"elementor-widget-container\">&nbsp;<\/div>\n<\/div>\n","protected":false},"excerpt":{"rendered":"<h3>Tijera Aoa<\/h3>\n<div class=\"elementor-element elementor-element-2fe977a elementor-widget__width-initial elementor-widget elementor-widget-woocommerce-product-short-description\" data-id=\"2fe977a\" data-element_type=\"widget\" data-widget_type=\"woocommerce-product-short-description.default\">\n<div class=\"elementor-widget-container\">\n<div class=\"woocommerce-product-details__short-description\">\n<p>Esta tijera de pinza para cejas ultradelgada es la herramienta perfecta para crear cejas con formas perfectas y las hojas a\u00edslan cada cabello para una precisi\u00f3n y control \u00f3ptimos al moldear y recortar las cejas.<\/p>\n<\/div>\n<\/div>\n<\/div>\n<div class=\"elementor-element elementor-element-aabc820 elementor-widget elementor-widget-woocommerce-breadcrumb\" data-id=\"aabc820\" data-element_type=\"widget\" data-widget_type=\"woocommerce-breadcrumb.default\">\n<div class=\"elementor-widget-container\">&nbsp;<\/div>\n<\/div>\n","protected":false},"featured_media":6831,"comment_status":"open","ping_status":"closed","template":"","meta":[],"pwb-brand":[124],"product_cat":[118],"product_tag":[],"brands":[{"id":124,"name":"Aoa","slug":"aoa"}],"_links":{"self":[{"href":"https:\/\/leurellas.com\/index.php\/wp-json\/wp\/v2\/product\/6830"}],"collection":[{"href":"https:\/\/leurellas.com\/index.php\/wp-json\/wp\/v2\/product"}],"about":[{"href":"https:\/\/leurellas.com\/index.php\/wp-json\/wp\/v2\/types\/product"}],"replies":[{"embeddable":true,"href":"https:\/\/leurellas.com\/index.php\/wp-json\/wp\/v2\/comments?post=6830"}],"wp:featuredmedia":[{"embeddable":true,"href":"https:\/\/leurellas.com\/index.php\/wp-json\/wp\/v2\/media\/6831"}],"wp:attachment":[{"href":"https:\/\/leurellas.com\/index.php\/wp-json\/wp\/v2\/media?parent=6830"}],"wp:term":[{"taxonomy":"pwb-brand","embeddable":true,"href":"https:\/\/leurellas.com\/index.php\/wp-json\/wp\/v2\/pwb-brand?post=6830"},{"taxonomy":"product_cat","embeddable":true,"href":"https:\/\/leurellas.com\/index.php\/wp-json\/wp\/v2\/product_cat?post=6830"},{"taxonomy":"product_tag","embeddable":true,"href":"https:\/\/leurellas.com\/index.php\/wp-json\/wp\/v2\/product_tag?post=6830"}],"curies":[{"name":"wp","href":"https:\/\/api.w.org\/{rel}","templated":true}]}}