{"id":6828,"date":"2023-10-10T15:35:45","date_gmt":"2023-10-10T15:35:45","guid":{"rendered":"https:\/\/leurellas.com\/?post_type=product&#038;p=6828"},"modified":"2023-11-09T16:32:18","modified_gmt":"2023-11-09T16:32:18","slug":"spray-tint-joico","status":"publish","type":"product","link":"https:\/\/leurellas.com\/index.php\/product\/spray-tint-joico\/","title":{"rendered":"Spray Tint Joico"},"content":{"rendered":"<h3>Spray Tint Joico<\/h3>\n<p>Este producto de peinado genio no solo se oculta en segundos, poniendo ra\u00edces reveladoras encubiertas, sino que en realidad protege el cabello de los elementos mientras crea el aspecto de un &#8220;do m\u00e1s grueso&#8221;.<\/p>\n","protected":false},"excerpt":{"rendered":"<h3>Spray Tint Joico<\/h3>\n<p>Oculta instant\u00e1neamente el nuevo crecimiento. Se seca r\u00e1pido y dura todo el d\u00eda. Protege contra la contaminaci\u00f3n* Sin parabenos<\/p>\n","protected":false},"featured_media":6829,"comment_status":"open","ping_status":"closed","template":"","meta":[],"pwb-brand":[170],"product_cat":[116],"product_tag":[],"brands":[{"id":170,"name":"Joico","slug":"joico"}],"_links":{"self":[{"href":"https:\/\/leurellas.com\/index.php\/wp-json\/wp\/v2\/product\/6828"}],"collection":[{"href":"https:\/\/leurellas.com\/index.php\/wp-json\/wp\/v2\/product"}],"about":[{"href":"https:\/\/leurellas.com\/index.php\/wp-json\/wp\/v2\/types\/product"}],"replies":[{"embeddable":true,"href":"https:\/\/leurellas.com\/index.php\/wp-json\/wp\/v2\/comments?post=6828"}],"wp:featuredmedia":[{"embeddable":true,"href":"https:\/\/leurellas.com\/index.php\/wp-json\/wp\/v2\/media\/6829"}],"wp:attachment":[{"href":"https:\/\/leurellas.com\/index.php\/wp-json\/wp\/v2\/media?parent=6828"}],"wp:term":[{"taxonomy":"pwb-brand","embeddable":true,"href":"https:\/\/leurellas.com\/index.php\/wp-json\/wp\/v2\/pwb-brand?post=6828"},{"taxonomy":"product_cat","embeddable":true,"href":"https:\/\/leurellas.com\/index.php\/wp-json\/wp\/v2\/product_cat?post=6828"},{"taxonomy":"product_tag","embeddable":true,"href":"https:\/\/leurellas.com\/index.php\/wp-json\/wp\/v2\/product_tag?post=6828"}],"curies":[{"name":"wp","href":"https:\/\/api.w.org\/{rel}","templated":true}]}}