{"id":6824,"date":"2023-10-10T15:25:01","date_gmt":"2023-10-10T15:25:01","guid":{"rendered":"https:\/\/leurellas.com\/?post_type=product&#038;p=6824"},"modified":"2023-10-10T15:27:57","modified_gmt":"2023-10-10T15:27:57","slug":"set-de-brochas-james-charles","status":"publish","type":"product","link":"https:\/\/leurellas.com\/index.php\/product\/set-de-brochas-james-charles\/","title":{"rendered":"Set De Brochas James Charles"},"content":{"rendered":"<h3>Set De Brochas James Charles<\/h3>\n<ul>\n<li><strong>M441 Pro Firm Blending Crease Brush<\/strong>&nbsp;(Natural)<strong>&nbsp;<\/strong>&#8211;&nbsp;este popular mezclador tiene un cabezal de cepillo redondo, perfecto para transiciones sin costuras.<\/li>\n<li><strong>E62 Angled Nose Contouring Brush&nbsp;<\/strong>(Synthetic)&nbsp;&#8211;&nbsp;si vive para una buena hermana con nariz cortada, este cepillo esponjoso en \u00e1ngulo es perfecto para acostarse y difuminarse.<\/li>\n<li><strong>M433 Pro Firm Blending Fluff Brush<\/strong>&nbsp;(Natural)<strong>&nbsp;<\/strong>&#8211;&nbsp;finalmente, la mezcla de pliegues es m\u00e1s f\u00e1cil gracias a esta brocha&nbsp;suave&nbsp;pero firme.<\/li>\n<li><strong>M456 Mini Firm Blending Brush&nbsp;<\/strong>(Natural) &#8211;&nbsp;este peque\u00f1o cepillo es ideal para trabajos de mezcla detallados y para beb\u00e9s que tienen ojos m\u00e1s peque\u00f1os.<\/li>\n<li><strong>M506 Tapered Mini Blender Brush&nbsp;<\/strong>(Natural) &#8211;&nbsp;este cepillo c\u00f3nico peque\u00f1o y poderoso es ideal para una mezcla controlada en el exterior V.<\/li>\n<li><strong>M224 Oval Camouflage Brush<\/strong>&nbsp;(Synthetic)&nbsp;&#8211;&nbsp;para todo, desde poder de ocultaci\u00f3n completo hasta cortar el pliegue, este cepillo est\u00e1 lleno de trucos importantes.<\/li>\n<li><strong>M166 Oval Shadow Brush<\/strong>&nbsp;(Synthetic)&nbsp;&#8211;&nbsp;este cepillo ovalado de forma perfecta aborda la colocaci\u00f3n de color interior y exterior y empaqueta el pigmento despu\u00e9s de cortar un pliegue.<\/li>\n<li><strong>M124 Firm Shadow Brush<\/strong>&nbsp;(Natural &amp; Synthetic)<strong>&nbsp;<\/strong>&#8211;&nbsp;(natural y sint\u00e9tico)&nbsp;<strong>&nbsp;<\/strong>: este pincel firme y natural es asesino al poner resaltador en el hueso de la ceja o el color de embalaje para una puesta de sol asesina.<\/li>\n<li><strong>M152 Medium Chisel Fluff Brush&nbsp;<\/strong>(Natural) &#8211;&nbsp;este cepillo de embalaje esponjoso es una estrella de rock que combina sombras en la l\u00ednea de las pesta\u00f1as inferiores.<\/li>\n<li><strong>M508 Smudger Brush&nbsp;<\/strong>(Natural) &#8211;&nbsp;vale la pena esperar algunas l\u00edneas, como las l\u00edneas ahumadas que crear\u00e1 con este pincel natural y difuminado.<\/li>\n<li><strong>M410 Flat Concealer Brush&nbsp;<\/strong>(Synthetic) &#8211;&nbsp;este cepillo corrector de borde recto y alta calidad es incre\u00edble para limpiar las cejas con el corrector.<\/li>\n<li><strong>M158 Angle Liner\/Spoolie Brush&nbsp;<\/strong>(Synthetic)&nbsp;&#8211; conozca a<strong>&nbsp;<\/strong>&nbsp;la pareja de poder perfecta para sus ojos m\u00e1s feroces y la mayor\u00eda de las cejas explosivas.<\/li>\n<li><strong>M250-0 Detail Liner Brush&nbsp;<\/strong>(Synthetic)&nbsp;&#8211;&nbsp;si te encanta un buen gel liner, este cepillo sint\u00e9tico te brinda un control total.<\/li>\n<li><strong>Custom Tubby<\/strong>&nbsp;( 8&#8221; x 2.5&#8221; Diameter ) &#8211;&nbsp;este estuche tubby negro es perfecto para guardarlo en su mesa de maquillaje o viajar con sus pinceles.<\/li>\n<\/ul>\n","protected":false},"excerpt":{"rendered":"<p style=\"text-align: center;\"><strong>MORPHE X JAMES CHARLES<\/strong><\/p>\n<p>Los pinceles son la herramienta de cualquier artista para crear una obra maestra.&nbsp;Este conjunto de brochas de ojos de tama\u00f1o completo incluye todos los favoritos de James para crear looks coloridos y combinados sobre la marcha.&nbsp;Prep\u00e1rese para mezclar y pulir (y todo lo dem\u00e1s) porque cada uno de estos 13 pinceles es muy, muy bueno.<\/p>\n","protected":false},"featured_media":6825,"comment_status":"open","ping_status":"closed","template":"","meta":[],"pwb-brand":[128],"product_cat":[117],"product_tag":[],"brands":[{"id":128,"name":"Morphe","slug":"morphe"}],"_links":{"self":[{"href":"https:\/\/leurellas.com\/index.php\/wp-json\/wp\/v2\/product\/6824"}],"collection":[{"href":"https:\/\/leurellas.com\/index.php\/wp-json\/wp\/v2\/product"}],"about":[{"href":"https:\/\/leurellas.com\/index.php\/wp-json\/wp\/v2\/types\/product"}],"replies":[{"embeddable":true,"href":"https:\/\/leurellas.com\/index.php\/wp-json\/wp\/v2\/comments?post=6824"}],"wp:featuredmedia":[{"embeddable":true,"href":"https:\/\/leurellas.com\/index.php\/wp-json\/wp\/v2\/media\/6825"}],"wp:attachment":[{"href":"https:\/\/leurellas.com\/index.php\/wp-json\/wp\/v2\/media?parent=6824"}],"wp:term":[{"taxonomy":"pwb-brand","embeddable":true,"href":"https:\/\/leurellas.com\/index.php\/wp-json\/wp\/v2\/pwb-brand?post=6824"},{"taxonomy":"product_cat","embeddable":true,"href":"https:\/\/leurellas.com\/index.php\/wp-json\/wp\/v2\/product_cat?post=6824"},{"taxonomy":"product_tag","embeddable":true,"href":"https:\/\/leurellas.com\/index.php\/wp-json\/wp\/v2\/product_tag?post=6824"}],"curies":[{"name":"wp","href":"https:\/\/api.w.org\/{rel}","templated":true}]}}