{"id":6822,"date":"2023-10-10T15:17:17","date_gmt":"2023-10-10T15:17:17","guid":{"rendered":"https:\/\/leurellas.com\/?post_type=product&#038;p=6822"},"modified":"2025-08-25T00:55:30","modified_gmt":"2025-08-25T00:55:30","slug":"bad-gal-benefit","status":"publish","type":"product","link":"https:\/\/leurellas.com\/index.php\/product\/bad-gal-benefit\/","title":{"rendered":"Bad Gal Benefit"},"content":{"rendered":"<h3>Bad Gal Benefit<\/h3>\n<p>Con movimientos r\u00e1pidos, mueve el cepillo desde la base de las pesta\u00f1as hasta la punta. Aplica capas para crear volumen y cubrir cada pesta\u00f1a. Para obtener el BANG m\u00e1s grande, apl\u00edcalo en las pesta\u00f1as superiores e inferiores.<\/p>\n<p>&nbsp;<\/p>\n","protected":false},"excerpt":{"rendered":"<h3 class=\"product-title\">BADgal BANG! Volumizing Mascara<\/h3>\n<ul>\n<li>Contiene part\u00edculas aerodin\u00e1micas<\/li>\n<li>A prueba de manchas y resistente al agua<\/li>\n<li>\u00a1Slimpact personalizado! cepillo<\/li>\n<\/ul>\n","protected":false},"featured_media":6823,"comment_status":"open","ping_status":"closed","template":"","meta":[],"pwb-brand":[],"product_cat":[117],"product_tag":[],"brands":[],"_links":{"self":[{"href":"https:\/\/leurellas.com\/index.php\/wp-json\/wp\/v2\/product\/6822"}],"collection":[{"href":"https:\/\/leurellas.com\/index.php\/wp-json\/wp\/v2\/product"}],"about":[{"href":"https:\/\/leurellas.com\/index.php\/wp-json\/wp\/v2\/types\/product"}],"replies":[{"embeddable":true,"href":"https:\/\/leurellas.com\/index.php\/wp-json\/wp\/v2\/comments?post=6822"}],"wp:featuredmedia":[{"embeddable":true,"href":"https:\/\/leurellas.com\/index.php\/wp-json\/wp\/v2\/media\/6823"}],"wp:attachment":[{"href":"https:\/\/leurellas.com\/index.php\/wp-json\/wp\/v2\/media?parent=6822"}],"wp:term":[{"taxonomy":"pwb-brand","embeddable":true,"href":"https:\/\/leurellas.com\/index.php\/wp-json\/wp\/v2\/pwb-brand?post=6822"},{"taxonomy":"product_cat","embeddable":true,"href":"https:\/\/leurellas.com\/index.php\/wp-json\/wp\/v2\/product_cat?post=6822"},{"taxonomy":"product_tag","embeddable":true,"href":"https:\/\/leurellas.com\/index.php\/wp-json\/wp\/v2\/product_tag?post=6822"}],"curies":[{"name":"wp","href":"https:\/\/api.w.org\/{rel}","templated":true}]}}