{"id":6812,"date":"2023-10-10T14:48:07","date_gmt":"2023-10-10T14:48:07","guid":{"rendered":"https:\/\/leurellas.com\/?post_type=product&#038;p=6812"},"modified":"2023-10-10T14:48:08","modified_gmt":"2023-10-10T14:48:08","slug":"crema-hidratante-olay","status":"publish","type":"product","link":"https:\/\/leurellas.com\/index.php\/product\/crema-hidratante-olay\/","title":{"rendered":"Crema HIdratante Olay"},"content":{"rendered":"<h3 class=\"sc-1gigdmi-1 kqYPxo\">CREMA HIDRATANTE LIGERA<\/h3>\n<p class=\"sc-1efkhn9-3 cQFfrU\">lay Regenerist Whip Crema facial ofrece \u00f3ptimos resultados en una textura m\u00e1s ligera de lo normal. Esta revolucionaria crema es la versi\u00f3n ultraligera de&nbsp;<a class=\"sc-1efkhn9-6 hVGLZl event_outbound_link\" href=\"https:\/\/olay.es\/productos-de-cuidado-de-la-piel\/crema-hidratante-facial\/regenerist-crema-antiedad-intensiva-3-areas-tecnologia-avanzada-antiedad\/\" data-action-detail=\"https:\/\/olay.es\/productos-de-cuidado-de-la-piel\/crema-hidratante-facial\/regenerist-crema-antiedad-intensiva-3-areas-tecnologia-avanzada-antiedad\/\">la hidratante facial Olay Regenerist<\/a>. Tiene un tacto espumoso que se transforma en l\u00edquido al contacto con la piel, absorbi\u00e9ndose r\u00e1pidamente y dejando una sensaci\u00f3n de ligereza.<\/p>\n<p class=\"sc-1efkhn9-3 cQFfrU\">Formulada con niacinamida (vitamina B3) y p\u00e9ptidos, esta hidratante facial hidrata en profundidad mejorando la elasticidad y firmeza de la piel, al tiempo que&nbsp;<a class=\"sc-1efkhn9-6 hVGLZl event_outbound_link\" href=\"https:\/\/olay.es\/consejos-de-cuidado-de-la-piel\/lineas-de-expresion-y-arrugas\/como-prevenir-las-lineas-de-expresion-y-las-arrugas\/\" data-action-detail=\"https:\/\/olay.es\/consejos-de-cuidado-de-la-piel\/lineas-de-expresion-y-arrugas\/como-prevenir-las-lineas-de-expresion-y-las-arrugas\/\">reduce la apariencia de las arrugas y las l\u00edneas de expresi\u00f3n<\/a>.<\/p>\n<p class=\"sc-1efkhn9-3 cQFfrU\">Olay Regenerist Whip Crema facial act\u00faa como prebase hidratante, dejando la piel con una textura lisa y mate, perfecta para la aplicaci\u00f3n del maquillaje.<\/p>\n","protected":false},"excerpt":{"rendered":"<h3 class=\"sc-1gigdmi-1 kqYPxo\">CREMA HIDRATANTE LIGERA<\/h3>\n<div class=\"sc-1gigdmi-9 fPDpWf\">\n<div class=\"sc-1efkhn9-0 kSVjvw\">\n<ul class=\"sc-1efkhn9-4 iTjCB\">\n<li>\n<p class=\"sc-1efkhn9-3 cQFfrU\">Hidrata, reafirma y renueva la piel al instante<\/p>\n<\/li>\n<li>\n<p class=\"sc-1efkhn9-3 cQFfrU\">F\u00f3rmula Complex II de Olay con aminop\u00e9ptidos y vitamina B3<\/p>\n<\/li>\n<li>\n<p class=\"sc-1efkhn9-3 cQFfrU\">Muy ligero al tacto con un acabado liso y mate<\/p>\n<\/li>\n<li>\n<p class=\"sc-1efkhn9-3 cQFfrU\">Regenera y renueva visiblemente la piel<\/p>\n<\/li>\n<li>\n<p class=\"sc-1efkhn9-3 cQFfrU\">Dise\u00f1ado para que sus ingredientes act\u00faen en profundidad en la piel<\/p>\n<\/li>\n<li>\n<p class=\"sc-1efkhn9-3 cQFfrU\">No graso. No obstruye los poros<\/p>\n<\/li>\n<li>\n<p class=\"sc-1efkhn9-3 cQFfrU\">Prueba Olay a diario durante 28 d\u00edas. Experimenta una transformaci\u00f3n real de la piel<\/p>\n<\/li>\n<\/ul>\n<p class=\"sc-1efkhn9-3 cQFfrU\">&nbsp;<\/p>\n<\/div>\n<\/div>\n<div class=\"sc-1ejmtks-0 cSKdnJ\">\n<div class=\"sc-1bcho4d-0 eBoqbB\"><picture class=\"sc-1t55bvs-0 kbyTTC\"><source srcset=\"https:\/\/images.ctfassets.net\/26kh5jgb1gld\/fVh4eKJND8rkzfGwktNuP\/d19369c47d449b80df5bd98baad08a87\/Product_Benefits_Icons_smooths_skin.jpg?fm=webp&amp;w=360&amp;q=70\" type=\"image\/webp\" media=\"(max-width: 360px)\"><source srcset=\"https:\/\/images.ctfassets.net\/26kh5jgb1gld\/fVh4eKJND8rkzfGwktNuP\/d19369c47d449b80df5bd98baad08a87\/Product_Benefits_Icons_smooths_skin.jpg?fm=webp&amp;w=560&amp;q=70\" type=\"image\/webp\" media=\"(max-width: 560px)\"><source srcset=\"https:\/\/images.ctfassets.net\/26kh5jgb1gld\/fVh4eKJND8rkzfGwktNuP\/d19369c47d449b80df5bd98baad08a87\/Product_Benefits_Icons_smooths_skin.jpg?fm=webp&amp;w=768&amp;q=70\" type=\"image\/webp\" media=\"(max-width: 768px)\"><source srcset=\"https:\/\/images.ctfassets.net\/26kh5jgb1gld\/fVh4eKJND8rkzfGwktNuP\/d19369c47d449b80df5bd98baad08a87\/Product_Benefits_Icons_smooths_skin.jpg?fm=webp\" type=\"image\/webp\"><\/picture><\/div>\n<\/div>\n","protected":false},"featured_media":6813,"comment_status":"open","ping_status":"closed","template":"","meta":[],"pwb-brand":[172],"product_cat":[118],"product_tag":[],"brands":[{"id":172,"name":"Olay","slug":"olay"}],"_links":{"self":[{"href":"https:\/\/leurellas.com\/index.php\/wp-json\/wp\/v2\/product\/6812"}],"collection":[{"href":"https:\/\/leurellas.com\/index.php\/wp-json\/wp\/v2\/product"}],"about":[{"href":"https:\/\/leurellas.com\/index.php\/wp-json\/wp\/v2\/types\/product"}],"replies":[{"embeddable":true,"href":"https:\/\/leurellas.com\/index.php\/wp-json\/wp\/v2\/comments?post=6812"}],"wp:featuredmedia":[{"embeddable":true,"href":"https:\/\/leurellas.com\/index.php\/wp-json\/wp\/v2\/media\/6813"}],"wp:attachment":[{"href":"https:\/\/leurellas.com\/index.php\/wp-json\/wp\/v2\/media?parent=6812"}],"wp:term":[{"taxonomy":"pwb-brand","embeddable":true,"href":"https:\/\/leurellas.com\/index.php\/wp-json\/wp\/v2\/pwb-brand?post=6812"},{"taxonomy":"product_cat","embeddable":true,"href":"https:\/\/leurellas.com\/index.php\/wp-json\/wp\/v2\/product_cat?post=6812"},{"taxonomy":"product_tag","embeddable":true,"href":"https:\/\/leurellas.com\/index.php\/wp-json\/wp\/v2\/product_tag?post=6812"}],"curies":[{"name":"wp","href":"https:\/\/api.w.org\/{rel}","templated":true}]}}