{"id":6801,"date":"2023-10-10T14:22:57","date_gmt":"2023-10-10T14:22:57","guid":{"rendered":"https:\/\/leurellas.com\/?post_type=product&#038;p=6801"},"modified":"2023-10-10T14:22:57","modified_gmt":"2023-10-10T14:22:57","slug":"desmaquillante-zero","status":"publish","type":"product","link":"https:\/\/leurellas.com\/index.php\/product\/desmaquillante-zero\/","title":{"rendered":"Desmaquillante Zero"},"content":{"rendered":"<h3>Desmaquillante Zero<\/h3>\n<p>El desmaquillante&nbsp;<strong>Clean It Zero&nbsp;<em>Original<\/em><\/strong>&nbsp;fue creado para disolver de forma r\u00e1pida y f\u00e1cil incluso el maquillaje m\u00e1s pesado. Este b\u00e1lsamo hipoalerg\u00e9nico contiene agua termal para aliviar la irritaci\u00f3n as\u00ed como extracto de papaya y Vitamina C para eliminar suavemente c\u00e9lulas muertas y dar brillo a la piel.<\/p>\n","protected":false},"excerpt":{"rendered":"<h3>Desmaquillante Zero<\/h3>\n<p>Su f\u00f3rmula hipoalerg\u00e9nica incluye 7 extractos vegetales, como la ra\u00edz de regaliz, centella asi\u00e1tica, romero, cal\u00e9ndula, manzanilla, portulaca oleracea&#8230; que calman, reparan da\u00f1os e hidratan la piel.<\/p>\n","protected":false},"featured_media":6803,"comment_status":"open","ping_status":"closed","template":"","meta":[],"pwb-brand":[169],"product_cat":[117],"product_tag":[],"brands":[{"id":169,"name":"BANILA CO","slug":"banila-co"}],"_links":{"self":[{"href":"https:\/\/leurellas.com\/index.php\/wp-json\/wp\/v2\/product\/6801"}],"collection":[{"href":"https:\/\/leurellas.com\/index.php\/wp-json\/wp\/v2\/product"}],"about":[{"href":"https:\/\/leurellas.com\/index.php\/wp-json\/wp\/v2\/types\/product"}],"replies":[{"embeddable":true,"href":"https:\/\/leurellas.com\/index.php\/wp-json\/wp\/v2\/comments?post=6801"}],"wp:featuredmedia":[{"embeddable":true,"href":"https:\/\/leurellas.com\/index.php\/wp-json\/wp\/v2\/media\/6803"}],"wp:attachment":[{"href":"https:\/\/leurellas.com\/index.php\/wp-json\/wp\/v2\/media?parent=6801"}],"wp:term":[{"taxonomy":"pwb-brand","embeddable":true,"href":"https:\/\/leurellas.com\/index.php\/wp-json\/wp\/v2\/pwb-brand?post=6801"},{"taxonomy":"product_cat","embeddable":true,"href":"https:\/\/leurellas.com\/index.php\/wp-json\/wp\/v2\/product_cat?post=6801"},{"taxonomy":"product_tag","embeddable":true,"href":"https:\/\/leurellas.com\/index.php\/wp-json\/wp\/v2\/product_tag?post=6801"}],"curies":[{"name":"wp","href":"https:\/\/api.w.org\/{rel}","templated":true}]}}