{"id":6798,"date":"2023-10-10T12:10:20","date_gmt":"2023-10-10T12:10:20","guid":{"rendered":"https:\/\/leurellas.com\/?post_type=product&#038;p=6798"},"modified":"2023-10-10T12:10:20","modified_gmt":"2023-10-10T12:10:20","slug":"gel-inglot","status":"publish","type":"product","link":"https:\/\/leurellas.com\/index.php\/product\/gel-inglot\/","title":{"rendered":"Gel Inglot"},"content":{"rendered":"<h3>Gel Inglot<\/h3>\n<div id=\"productTabs\" class=\"tabs tabs--box\">\n<div class=\"tab--item\" role=\"tab\" data-tab-target=\"description\" data-tab-title=\"Description\" aria-controls=\"description\">\n<div id=\"description\" class=\"tab--content\" role=\"tabpanel\">\n<p>Los pigmentos de alta intensidad proporcionan una cobertura ideal y colores intensos despu\u00e9s de una sola aplicaci\u00f3n. La f\u00f3rmula cremosa y delicada se seca hasta obtener un acabado duradero, a prueba de manchas y arrugas.<\/p>\n<\/div>\n<\/div>\n<\/div>\n","protected":false},"excerpt":{"rendered":"<h3 class=\"h1\">AMC Eyeliner Gel&nbsp;<\/h3>\n<p>&nbsp;<\/p>\n","protected":false},"featured_media":6799,"comment_status":"open","ping_status":"closed","template":"","meta":[],"pwb-brand":[168],"product_cat":[117],"product_tag":[],"brands":[{"id":168,"name":"Inglot","slug":"inglot"}],"_links":{"self":[{"href":"https:\/\/leurellas.com\/index.php\/wp-json\/wp\/v2\/product\/6798"}],"collection":[{"href":"https:\/\/leurellas.com\/index.php\/wp-json\/wp\/v2\/product"}],"about":[{"href":"https:\/\/leurellas.com\/index.php\/wp-json\/wp\/v2\/types\/product"}],"replies":[{"embeddable":true,"href":"https:\/\/leurellas.com\/index.php\/wp-json\/wp\/v2\/comments?post=6798"}],"wp:featuredmedia":[{"embeddable":true,"href":"https:\/\/leurellas.com\/index.php\/wp-json\/wp\/v2\/media\/6799"}],"wp:attachment":[{"href":"https:\/\/leurellas.com\/index.php\/wp-json\/wp\/v2\/media?parent=6798"}],"wp:term":[{"taxonomy":"pwb-brand","embeddable":true,"href":"https:\/\/leurellas.com\/index.php\/wp-json\/wp\/v2\/pwb-brand?post=6798"},{"taxonomy":"product_cat","embeddable":true,"href":"https:\/\/leurellas.com\/index.php\/wp-json\/wp\/v2\/product_cat?post=6798"},{"taxonomy":"product_tag","embeddable":true,"href":"https:\/\/leurellas.com\/index.php\/wp-json\/wp\/v2\/product_tag?post=6798"}],"curies":[{"name":"wp","href":"https:\/\/api.w.org\/{rel}","templated":true}]}}