{"id":6796,"date":"2023-10-10T12:03:40","date_gmt":"2023-10-10T12:03:40","guid":{"rendered":"https:\/\/leurellas.com\/?post_type=product&#038;p=6796"},"modified":"2023-10-10T12:03:40","modified_gmt":"2023-10-10T12:03:40","slug":"camuflaje-kryolan","status":"publish","type":"product","link":"https:\/\/leurellas.com\/index.php\/product\/camuflaje-kryolan\/","title":{"rendered":"Camuflaje Kryolan"},"content":{"rendered":"<h3>Camuflaje Kryolan<\/h3>\n<p>Dermacolor Camouflage Creme es un maquillaje especialmente pigmentado que est\u00e1 dise\u00f1ado para corregir y cubrir desfiguraciones, decoloraciones y tatuajes de la piel. Dermacolor Camouflage Creme est\u00e1 especialmente indicado para rostro y cuello. Con el uso adecuado del sistema de camuflaje Dermacolor, las anomal\u00edas de la piel se pueden corregir f\u00e1cilmente. Una vez que la Crema de Camuflaje Dermacolor se fija con el Polvo Fijador y el Spray Fijador de Dermacolor, ser\u00e1 resistente al agua y proteger\u00e1 la piel contra la da\u00f1ina radiaci\u00f3n UV. El camuflaje Dermacolor podr\u00eda durar incluso en condiciones extremas como la nataci\u00f3n, el calor y el esfuerzo f\u00edsico. Dermacolor Camouflage Creme est\u00e1 disponible en una amplia gama de tonos y estos se pueden mezclar entre s\u00ed, lo que le da al maquillaje un aspecto natural cuando se aplica correctamente.<\/p>\n","protected":false},"excerpt":{"rendered":"<h3>DERMACOLOR CAMOUFLAGE CREME<\/h3>\n<p>Dermacolor Camouflage Creme es un maquillaje especialmente pigmentado que est\u00e1 dise\u00f1ado para corregir y cubrir desfiguraciones, decoloraciones y tatuajes de la piel. Dermacolor Camouflage Creme est\u00e1 especialmente indicado para rostro y cuello. Con el uso adecuado del sistema de camuflaje Dermacolor, las anomal\u00edas de la piel se pueden corregir f\u00e1cilmente. Una vez que la Crema de Camuflaje Dermacolor se fija con el Polvo Fijador y el Spray Fijador de Dermacolor, ser\u00e1 resistente al agua y proteger\u00e1 la piel contra la da\u00f1ina radiaci\u00f3n UV.<\/p>\n","protected":false},"featured_media":6797,"comment_status":"open","ping_status":"closed","template":"","meta":[],"pwb-brand":[167],"product_cat":[117],"product_tag":[],"brands":[{"id":167,"name":"Kryolan","slug":"kryolan"}],"_links":{"self":[{"href":"https:\/\/leurellas.com\/index.php\/wp-json\/wp\/v2\/product\/6796"}],"collection":[{"href":"https:\/\/leurellas.com\/index.php\/wp-json\/wp\/v2\/product"}],"about":[{"href":"https:\/\/leurellas.com\/index.php\/wp-json\/wp\/v2\/types\/product"}],"replies":[{"embeddable":true,"href":"https:\/\/leurellas.com\/index.php\/wp-json\/wp\/v2\/comments?post=6796"}],"wp:featuredmedia":[{"embeddable":true,"href":"https:\/\/leurellas.com\/index.php\/wp-json\/wp\/v2\/media\/6797"}],"wp:attachment":[{"href":"https:\/\/leurellas.com\/index.php\/wp-json\/wp\/v2\/media?parent=6796"}],"wp:term":[{"taxonomy":"pwb-brand","embeddable":true,"href":"https:\/\/leurellas.com\/index.php\/wp-json\/wp\/v2\/pwb-brand?post=6796"},{"taxonomy":"product_cat","embeddable":true,"href":"https:\/\/leurellas.com\/index.php\/wp-json\/wp\/v2\/product_cat?post=6796"},{"taxonomy":"product_tag","embeddable":true,"href":"https:\/\/leurellas.com\/index.php\/wp-json\/wp\/v2\/product_tag?post=6796"}],"curies":[{"name":"wp","href":"https:\/\/api.w.org\/{rel}","templated":true}]}}