{"id":6789,"date":"2023-10-10T11:48:14","date_gmt":"2023-10-10T11:48:14","guid":{"rendered":"https:\/\/leurellas.com\/?post_type=product&#038;p=6789"},"modified":"2023-10-10T11:48:14","modified_gmt":"2023-10-10T11:48:14","slug":"prolux-makeup-tissues","status":"publish","type":"product","link":"https:\/\/leurellas.com\/index.php\/product\/prolux-makeup-tissues\/","title":{"rendered":"Prolux Makeup Tissues"},"content":{"rendered":"<h3>Prolux Makeup Tissues<\/h3>\n<p><strong>Toallitas desmaquillantes suaves Prolux: su soluci\u00f3n de limpieza de maquillaje sin esfuerzo<\/strong><\/p>\n<p>Experimente la facilidad y eficacia del desmaquillado con las toallitas desmaquillantes suaves Prolux. Especialmente dise\u00f1adas para combatir incluso el maquillaje resistente al agua, estas toallitas a base de aceite limpian suavemente la piel, dej\u00e1ndola fresca y sin maquillaje. Con un paquete de 30 pa\u00f1uelos, tu rutina de limpieza de maquillaje nunca ha sido m\u00e1s conveniente. Exploremos las caracter\u00edsticas y beneficios de las toallitas desmaquillantes suaves Prolux:<\/p>\n<ul>\n<li><strong>Desmaquillado efectivo:<\/strong>&nbsp;Dile adi\u00f3s al maquillaje rebelde. Estas toallitas est\u00e1n formuladas para eliminar todo tipo de maquillaje, incluida la m\u00e1scara de pesta\u00f1as resistente al agua y la base de maquillaje de larga duraci\u00f3n.<\/li>\n<li><strong>Suave para la piel:<\/strong>&nbsp;Las toallitas desmaquillantes Prolux est\u00e1n impregnadas de ingredientes suaves que cuidan la piel a la vez que la limpian eficazmente. Se acabaron los roces o tirones bruscos.<\/li>\n<li><strong>F\u00f3rmula a base de aceite:<\/strong>&nbsp;La f\u00f3rmula a base de aceite disuelve el maquillaje sin esfuerzo, asegurando una limpieza a fondo sin dejar ning\u00fan residuo.<\/li>\n<li><strong>R\u00e1pido y conveniente:<\/strong>&nbsp;Perfectas para personas ocupadas, estas toallitas ofrecen una soluci\u00f3n r\u00e1pida y conveniente para desmaquillar. \u00daselos en casa o mientras viaja para una limpieza instant\u00e1nea.<\/li>\n<li><strong>Refrescar y limpiar:<\/strong>&nbsp;Cada toallita refresca y limpia la piel, dej\u00e1ndola suave, tersa y rejuvenecida.<\/li>\n<li><strong>Port\u00e1til y apto para viajes:<\/strong>&nbsp;Empaquetadas en un dise\u00f1o compacto, estas toallitas son aptas para viajes, lo que las convierte en su compa\u00f1era de confianza para todas sus aventuras.<\/li>\n<li><strong>Envases higi\u00e9nicos y sellados:<\/strong>&nbsp;Cada toallita est\u00e1 sellada individualmente para mantener la frescura y la higiene, lo que garantiza una toallita limpia en todo momento.<\/li>\n<li><strong>Apto para todo tipo de pieles:<\/strong>&nbsp;Las toallitas desmaquillantes suaves Prolux son adecuadas para todo tipo de pieles, incluidas las pieles sensibles, sin causar irritaci\u00f3n.<\/li>\n<li><strong>No necesita enjuague:<\/strong>&nbsp;Con estas toallitas, no hay necesidad de agua ni enjuague. Proporcionan una experiencia de desmaquillado eficiente y sin complicaciones.<\/li>\n<li><strong>Pack de 30 pa\u00f1uelos:<\/strong>&nbsp;Cada paquete contiene 30 toallitas desmaquillantes suaves, lo que le brinda un amplio suministro para un uso prolongado.<\/li>\n<\/ul>\n","protected":false},"excerpt":{"rendered":"<h3>Prolux Makeup Tissues<\/h3>\n<p>Descubre la mejor experiencia de desmaquillado con las toallitas desmaquillantes suaves Prolux. Elimina sin esfuerzo el maquillaje, la suciedad y las impurezas, y revela un rostro limpio y fresco al final del d\u00eda.<\/p>\n","protected":false},"featured_media":6790,"comment_status":"open","ping_status":"closed","template":"","meta":[],"pwb-brand":[125],"product_cat":[118,117],"product_tag":[],"brands":[{"id":125,"name":"Prolux","slug":"prolux"}],"_links":{"self":[{"href":"https:\/\/leurellas.com\/index.php\/wp-json\/wp\/v2\/product\/6789"}],"collection":[{"href":"https:\/\/leurellas.com\/index.php\/wp-json\/wp\/v2\/product"}],"about":[{"href":"https:\/\/leurellas.com\/index.php\/wp-json\/wp\/v2\/types\/product"}],"replies":[{"embeddable":true,"href":"https:\/\/leurellas.com\/index.php\/wp-json\/wp\/v2\/comments?post=6789"}],"wp:featuredmedia":[{"embeddable":true,"href":"https:\/\/leurellas.com\/index.php\/wp-json\/wp\/v2\/media\/6790"}],"wp:attachment":[{"href":"https:\/\/leurellas.com\/index.php\/wp-json\/wp\/v2\/media?parent=6789"}],"wp:term":[{"taxonomy":"pwb-brand","embeddable":true,"href":"https:\/\/leurellas.com\/index.php\/wp-json\/wp\/v2\/pwb-brand?post=6789"},{"taxonomy":"product_cat","embeddable":true,"href":"https:\/\/leurellas.com\/index.php\/wp-json\/wp\/v2\/product_cat?post=6789"},{"taxonomy":"product_tag","embeddable":true,"href":"https:\/\/leurellas.com\/index.php\/wp-json\/wp\/v2\/product_tag?post=6789"}],"curies":[{"name":"wp","href":"https:\/\/api.w.org\/{rel}","templated":true}]}}