{"id":6779,"date":"2023-10-09T20:55:13","date_gmt":"2023-10-09T20:55:13","guid":{"rendered":"https:\/\/leurellas.com\/?post_type=product&#038;p=6779"},"modified":"2023-10-09T20:55:13","modified_gmt":"2023-10-09T20:55:13","slug":"sugarbear-vitaminas-procollagen","status":"publish","type":"product","link":"https:\/\/leurellas.com\/index.php\/product\/sugarbear-vitaminas-procollagen\/","title":{"rendered":"Sugarbear Vitaminas ProCollagen"},"content":{"rendered":"<h3 class=\"product-info__title\">Sugarbear Vitaminas ProCollagen<\/h3>\n<p class=\"p1\">\u00bfBuscas una vitamina vegana que te ayude a cuidar tu piel? \u00a1Imag\u00ednese si tambi\u00e9n fuera una gomita suave, masticable y deliciosa!<\/p>\n<p class=\"p1\">Ayude a la formaci\u00f3n natural de col\u00e1geno de su cuerpo con Sugarbear\u00ae ProCollagen libre de crueldad animal.* Esta f\u00f3rmula cient\u00edfica no contiene col\u00e1geno animal, est\u00e1 repleta de vitamina D y contiene vitamina C, que contribuye a la formaci\u00f3n normal de col\u00e1geno para el funcionamiento normal de la piel.*<\/p>\n<p class=\"p1\">Formulado con nutrientes que incluyen: Biotina, Metilfolato, Zinc, m\u00e1s 100 mg de amino\u00e1cidos y m\u00e1s.<\/p>\n","protected":false},"excerpt":{"rendered":"<h3 class=\"product-info__title\">Sugarbear Vitaminas ProCollagen<\/h3>\n<p class=\"p1\">Si\u00e9ntase bien con su piel y con el planeta con Sugarbear\u00ae libre de crueldad animal, la forma m\u00e1s dulce de nutrici\u00f3n y cuidado serios.<\/p>\n<p class=\"p1\">Con su pedido, recibir\u00e1 una botella de Sugarbear\u00ae ProCollagen Vitamin Gummies. Hay 60 gomitas por botella que durar\u00e1n 30 d\u00edas. Recomendamos 2&nbsp;gomitas al d\u00eda.<\/p>\n","protected":false},"featured_media":6780,"comment_status":"open","ping_status":"closed","template":"","meta":[],"pwb-brand":[165],"product_cat":[116],"product_tag":[],"brands":[{"id":165,"name":"Sugarbear","slug":"sugarbear"}],"_links":{"self":[{"href":"https:\/\/leurellas.com\/index.php\/wp-json\/wp\/v2\/product\/6779"}],"collection":[{"href":"https:\/\/leurellas.com\/index.php\/wp-json\/wp\/v2\/product"}],"about":[{"href":"https:\/\/leurellas.com\/index.php\/wp-json\/wp\/v2\/types\/product"}],"replies":[{"embeddable":true,"href":"https:\/\/leurellas.com\/index.php\/wp-json\/wp\/v2\/comments?post=6779"}],"wp:featuredmedia":[{"embeddable":true,"href":"https:\/\/leurellas.com\/index.php\/wp-json\/wp\/v2\/media\/6780"}],"wp:attachment":[{"href":"https:\/\/leurellas.com\/index.php\/wp-json\/wp\/v2\/media?parent=6779"}],"wp:term":[{"taxonomy":"pwb-brand","embeddable":true,"href":"https:\/\/leurellas.com\/index.php\/wp-json\/wp\/v2\/pwb-brand?post=6779"},{"taxonomy":"product_cat","embeddable":true,"href":"https:\/\/leurellas.com\/index.php\/wp-json\/wp\/v2\/product_cat?post=6779"},{"taxonomy":"product_tag","embeddable":true,"href":"https:\/\/leurellas.com\/index.php\/wp-json\/wp\/v2\/product_tag?post=6779"}],"curies":[{"name":"wp","href":"https:\/\/api.w.org\/{rel}","templated":true}]}}