{"id":6771,"date":"2023-10-09T20:22:42","date_gmt":"2023-10-09T20:22:42","guid":{"rendered":"https:\/\/leurellas.com\/?post_type=product&#038;p=6771"},"modified":"2023-10-09T20:22:42","modified_gmt":"2023-10-09T20:22:42","slug":"cheek-stars-benefit","status":"publish","type":"product","link":"https:\/\/leurellas.com\/index.php\/product\/cheek-stars-benefit\/","title":{"rendered":"Cheek Stars Benefit"},"content":{"rendered":"<h3>Cheek Stars Benefit<\/h3>\n<div class=\"product__description rte quick-add-hidden\">Esta paleta Cheek Stars Reunion Tour incluye varios productos estrella: los polvos bronceadores efecto mate Hoola, el iluminador tono n\u00e1car dorado Cookie&nbsp;y los productos de culto actualizados con nuevos tonos Georgia, Dallas&nbsp;y Sugarbomb. La paleta se completa con una brocha en formato est\u00e1ndar.<\/div>\n<div id=\"Quantity-Form-template--19300575150393__main\" class=\"product-form__input product-form__quantity\">&nbsp;<\/div>\n","protected":false},"excerpt":{"rendered":"<h3>Cheek Stars Benefit<\/h3>\n<p>La paleta Cheek Stars Reunion Tour es una joya que re\u00fane lo mejor de Benefit. Incluye el famoso bronceador mate Hoola, el iluminador Cookie en tono n\u00e1car dorado, y versiones actualizadas de los cl\u00e1sicos Georgia, Dallas y Sugarbomb. \u00a1Y como guinda del pastel, viene con una brocha est\u00e1ndar! \u00a1Un combo perfecto para un look radiante<\/p>\n","protected":false},"featured_media":6772,"comment_status":"open","ping_status":"closed","template":"","meta":[],"pwb-brand":[],"product_cat":[117],"product_tag":[],"brands":[],"_links":{"self":[{"href":"https:\/\/leurellas.com\/index.php\/wp-json\/wp\/v2\/product\/6771"}],"collection":[{"href":"https:\/\/leurellas.com\/index.php\/wp-json\/wp\/v2\/product"}],"about":[{"href":"https:\/\/leurellas.com\/index.php\/wp-json\/wp\/v2\/types\/product"}],"replies":[{"embeddable":true,"href":"https:\/\/leurellas.com\/index.php\/wp-json\/wp\/v2\/comments?post=6771"}],"wp:featuredmedia":[{"embeddable":true,"href":"https:\/\/leurellas.com\/index.php\/wp-json\/wp\/v2\/media\/6772"}],"wp:attachment":[{"href":"https:\/\/leurellas.com\/index.php\/wp-json\/wp\/v2\/media?parent=6771"}],"wp:term":[{"taxonomy":"pwb-brand","embeddable":true,"href":"https:\/\/leurellas.com\/index.php\/wp-json\/wp\/v2\/pwb-brand?post=6771"},{"taxonomy":"product_cat","embeddable":true,"href":"https:\/\/leurellas.com\/index.php\/wp-json\/wp\/v2\/product_cat?post=6771"},{"taxonomy":"product_tag","embeddable":true,"href":"https:\/\/leurellas.com\/index.php\/wp-json\/wp\/v2\/product_tag?post=6771"}],"curies":[{"name":"wp","href":"https:\/\/api.w.org\/{rel}","templated":true}]}}