{"id":6769,"date":"2023-10-09T20:15:51","date_gmt":"2023-10-09T20:15:51","guid":{"rendered":"https:\/\/leurellas.com\/?post_type=product&#038;p=6769"},"modified":"2023-10-09T20:15:51","modified_gmt":"2023-10-09T20:15:51","slug":"ordinary-vitamina-c","status":"publish","type":"product","link":"https:\/\/leurellas.com\/index.php\/product\/ordinary-vitamina-c\/","title":{"rendered":"Ordinary Vitamina C"},"content":{"rendered":"<h3>Ordinary Vitamina C<\/h3>\n<p><strong>Vitamin C Suspension 23% HA Spheres 2%<\/strong>&nbsp;de&nbsp;<a href=\"https:\/\/theordinary.es\/\" target=\"_blank\" rel=\"noopener\">The Ordinary<\/a>&nbsp;es una potente suspensi\u00f3n&nbsp;estable sin agua y&nbsp;<strong>sin silicona<\/strong>&nbsp;de \u00e1cido L-asc\u00f3rbico al 23 % en polvo y con esferas de \u00c1cido Hialur\u00f3nico dise\u00f1ada para eliminar los signos del envejecimiento, aumentar la luminosidad e hidrataci\u00f3n a tu piel y suavizar su textura.<\/p>\n<p>Son m\u00faltiples los beneficios de la Vitamina C en la piel, como su poder antioxidante (que \u201capaga\u201d los radicales libres inducidos por los rayos UVA), sus propiedades regeneradoras y blanqueantes (ya que inhibe la tirosinasa que participa en la pigmentaci\u00f3n de la piel) y una mayor estimulaci\u00f3n de la s\u00edntesis del col\u00e1geno (que reducir\u00e1 los signos del envejecimiento).<\/p>\n<p><strong>Vitamin C Suspension 23% HA Spheres 2%<\/strong>&nbsp;est\u00e1 formulada sin agua ni siliconas, por lo que es m\u00e1s eficaz frente a la oxidaci\u00f3n de la Vitamina C y mejora su absorci\u00f3n y eficacia. Su&nbsp;<strong>alta concentraci\u00f3n de Vitamina C<\/strong>&nbsp;le aporta una peculiar textura similar al polvo, que puede causar una leve sensaci\u00f3n de hormigueo durante las dos primeras semanas de tratamiento, hasta que posteriormente aumente la tolerancia en la piel.&nbsp;<strong>En pieles sensibles puede causar irritaci\u00f3n.<\/strong><\/p>\n<p>Es por ello, que antes de lanzarse con&nbsp;<strong>Vitamin C Suspension 23% HA Spheres 2%<\/strong>, recomendamos iniciarse primero con Magnesium Ascorbyl Phosphate 10% que contiene una concentraci\u00f3n menor de Vitamina C. Una soluci\u00f3n indicada para principiantes que a\u00fan no han desarrollado una tolerancia previa en la piel.<\/p>\n","protected":false},"excerpt":{"rendered":"<div class=\"elementor-element elementor-element-44d33554 elementor-widget elementor-widget-heading\" data-id=\"44d33554\" data-element_type=\"widget\" data-widget_type=\"heading.default\">\n<div class=\"elementor-widget-container\">\n<h3 class=\"elementor-heading-title elementor-size-default\">The Ordinary Vitamin C Suspension 23% + HA Spheres 2% | Vitamina C The Ordinary<\/h3>\n<p><strong>Vitamin C Suspension 23% HA Spheres 2%<\/strong>&nbsp;es una potente suspensi\u00f3n de&nbsp;<strong>Vitamina C<\/strong>&nbsp;con esferas de&nbsp;<strong>\u00c1cido Hialur\u00f3nico<\/strong>&nbsp;dise\u00f1ada para eliminar los signos del envejecimiento, aumentar la luminosidad e hidrataci\u00f3n a tu piel y suavizar su textura.&nbsp;<strong>No apto para pieles sensibles<\/strong><\/p>\n<\/div>\n<\/div>\n<div class=\"elementor-element elementor-element-bd8ea9f elementor-widget elementor-widget-heading\" data-id=\"bd8ea9f\" data-element_type=\"widget\" data-widget_type=\"heading.default\">\n<div class=\"elementor-widget-container\">&nbsp;<\/div>\n<\/div>\n","protected":false},"featured_media":6770,"comment_status":"open","ping_status":"closed","template":"","meta":[],"pwb-brand":[164],"product_cat":[118],"product_tag":[],"brands":[{"id":164,"name":"The Ordinary","slug":"the-ordinary"}],"_links":{"self":[{"href":"https:\/\/leurellas.com\/index.php\/wp-json\/wp\/v2\/product\/6769"}],"collection":[{"href":"https:\/\/leurellas.com\/index.php\/wp-json\/wp\/v2\/product"}],"about":[{"href":"https:\/\/leurellas.com\/index.php\/wp-json\/wp\/v2\/types\/product"}],"replies":[{"embeddable":true,"href":"https:\/\/leurellas.com\/index.php\/wp-json\/wp\/v2\/comments?post=6769"}],"wp:featuredmedia":[{"embeddable":true,"href":"https:\/\/leurellas.com\/index.php\/wp-json\/wp\/v2\/media\/6770"}],"wp:attachment":[{"href":"https:\/\/leurellas.com\/index.php\/wp-json\/wp\/v2\/media?parent=6769"}],"wp:term":[{"taxonomy":"pwb-brand","embeddable":true,"href":"https:\/\/leurellas.com\/index.php\/wp-json\/wp\/v2\/pwb-brand?post=6769"},{"taxonomy":"product_cat","embeddable":true,"href":"https:\/\/leurellas.com\/index.php\/wp-json\/wp\/v2\/product_cat?post=6769"},{"taxonomy":"product_tag","embeddable":true,"href":"https:\/\/leurellas.com\/index.php\/wp-json\/wp\/v2\/product_tag?post=6769"}],"curies":[{"name":"wp","href":"https:\/\/api.w.org\/{rel}","templated":true}]}}