{"id":6742,"date":"2023-10-09T19:32:26","date_gmt":"2023-10-09T19:32:26","guid":{"rendered":"https:\/\/leurellas.com\/?post_type=product&#038;p=6742"},"modified":"2023-10-09T19:32:26","modified_gmt":"2023-10-09T19:32:26","slug":"filtro-solar-eucerin","status":"publish","type":"product","link":"https:\/\/leurellas.com\/index.php\/product\/filtro-solar-eucerin\/","title":{"rendered":"Filtro Solar Eucerin"},"content":{"rendered":"<h3>Filtro Solar Eucerin<\/h3>\n<p class=\"hdl-3\">Protector solar facial para piel grasa y propensa al acn\u00e9<\/p>\n<div class=\"text\">\n<p>La luz UV es la principal causa de da\u00f1o en la piel provocado por el sol, pero la luz visible de alta energ\u00eda (HEVL)&nbsp;tambi\u00e9n puede desencadenar radicales libres que agreden la piel todav\u00eda m\u00e1s.<\/p>\n<p>Eucerin Sun Gel-Cream Oil Control Dry Touch FPS 50+ es un protector solar facial de uso diario para piel grasa y propensa al acn\u00e9. La&nbsp;<strong>Advanced Spectral Technology combina filtros fotoestables y de amplio espectro frente a rayos UVA y UVB (1).<\/strong>&nbsp;Ofrece una protecci\u00f3n alta contra los rayos UV con&nbsp;<a href=\"https:\/\/www.eucerin.es\/nuestras-investigaciones\/base-de-datos-de-ingredientes\/licochalcone-a\" data-identifier=\"Licochalcone A\" data-lightbox=\"sitecore:\/\/master\/{9CAA2F23-BD48-4D66-8EDE-36B5F450AF2B}?lang=en&amp;ver=3\">licocalc\u00f3n A<\/a>&nbsp;para neutralizar los radicales libres producidos por la luz UV y HEVL. El protector solar tambi\u00e9n contiene&nbsp;<a href=\"https:\/\/www.eucerin.es\/nuestras-investigaciones\/base-de-datos-de-ingredientes\/glycyrrhetinic-acid\" data-identifier=\"Glycyrrhetinic Acid\" data-lightbox=\"sitecore:\/\/master\/{C9FF7F6E-C59A-4A86-8FFE-75E7139B7CF1}?lang=en&amp;ver=1\">\u00e1cido glicirret\u00ednico<\/a>, que estimula el mecanismo de reparaci\u00f3n del ADN de la piel.&nbsp;<\/p>\n<p>La tecnolog\u00eda Oil Control reguladora de la producci\u00f3n de sebo, con l<a href=\"https:\/\/www.eucerin.es\/nuestras-investigaciones\/base-de-datos-de-ingredientes\/carnitine\" data-identifier=\"L-Carnitine\" data-lightbox=\"sitecore:\/\/master\/{9C440020-8037-4985-B46B-CC054DED86F7}?lang=en&amp;ver=1\">Carnitine<\/a>&nbsp;y micropart\u00edculas absorbentes, da a la piel u<strong>n acabado mate seco inmediato y un efecto anti-brillos duradero, de hasta 8 horas.<\/strong><\/p>\n<p>Eucerin Sun Gel-Cream Oil Control Dry Touch FPS 50+ no contiene fragancias y su textura es ultraligera y no grasa. Los estudios cl\u00ednicos y dermatol\u00f3gicos han demostrado una buena tolerabilidad en pieles sensibles y propensas al acn\u00e9.<\/p>\n<\/div>\n","protected":false},"excerpt":{"rendered":"<h3>Sun Gel Crema Oil Control Dry Touch FPS 50+<\/h3>\n<ul>\n<li class=\"key-benefit\">&nbsp;Protecci\u00f3n solar facial alta<\/li>\n<li class=\"key-benefit\">&nbsp;Advanced Spectral Technology: protecci\u00f3n frente a rayos UVA y UVB, y protecci\u00f3n contra la luz HEVL<\/li>\n<li class=\"key-benefit\">&nbsp;Para piel grasa y propensa al acn\u00e9<\/li>\n<\/ul>\n","protected":false},"featured_media":6743,"comment_status":"open","ping_status":"closed","template":"","meta":[],"pwb-brand":[159],"product_cat":[118],"product_tag":[],"brands":[{"id":159,"name":"Eucerin","slug":"eucerin"}],"_links":{"self":[{"href":"https:\/\/leurellas.com\/index.php\/wp-json\/wp\/v2\/product\/6742"}],"collection":[{"href":"https:\/\/leurellas.com\/index.php\/wp-json\/wp\/v2\/product"}],"about":[{"href":"https:\/\/leurellas.com\/index.php\/wp-json\/wp\/v2\/types\/product"}],"replies":[{"embeddable":true,"href":"https:\/\/leurellas.com\/index.php\/wp-json\/wp\/v2\/comments?post=6742"}],"wp:featuredmedia":[{"embeddable":true,"href":"https:\/\/leurellas.com\/index.php\/wp-json\/wp\/v2\/media\/6743"}],"wp:attachment":[{"href":"https:\/\/leurellas.com\/index.php\/wp-json\/wp\/v2\/media?parent=6742"}],"wp:term":[{"taxonomy":"pwb-brand","embeddable":true,"href":"https:\/\/leurellas.com\/index.php\/wp-json\/wp\/v2\/pwb-brand?post=6742"},{"taxonomy":"product_cat","embeddable":true,"href":"https:\/\/leurellas.com\/index.php\/wp-json\/wp\/v2\/product_cat?post=6742"},{"taxonomy":"product_tag","embeddable":true,"href":"https:\/\/leurellas.com\/index.php\/wp-json\/wp\/v2\/product_tag?post=6742"}],"curies":[{"name":"wp","href":"https:\/\/api.w.org\/{rel}","templated":true}]}}