{"id":6700,"date":"2023-10-09T01:53:02","date_gmt":"2023-10-09T01:53:02","guid":{"rendered":"https:\/\/leurellas.com\/?post_type=product&#038;p=6700"},"modified":"2023-10-09T01:53:02","modified_gmt":"2023-10-09T01:53:02","slug":"lapiz-huda","status":"publish","type":"product","link":"https:\/\/leurellas.com\/index.php\/product\/lapiz-huda\/","title":{"rendered":"Lapiz Huda"},"content":{"rendered":"<h3>Lapiz Huda<\/h3>\n<p>El delineador labial Lip Contour 2.0 tambi\u00e9n dura todo el d\u00eda, \u00a1exactamente 9 horas! Su f\u00f3rmula ultrapigmentada con acabado mate y aterciopelado es impermeable (incluso en la piscina) y no se mueve.<\/p>\n<p>Su nuevo delineador de labios tambi\u00e9n es retr\u00e1ctil, lo que lo hace muy f\u00e1cil de usar, incluso sobre la marcha. Y para los amantes de la precisi\u00f3n, tiene un mini sacapuntas en la base&#8230; \u00a1porque no hay nada peor que trabajar el contorno de tus labios con un l\u00e1piz sin filo!<\/p>\n","protected":false},"excerpt":{"rendered":"<h3>L\u00e1piz labial &#8211; Lip Contour 2.0<\/h3>\n<p>Disponible en 12 tonos universales, el l\u00e1piz labial Lip Contour 2.0 es el delineador de labios&nbsp;<\/p>\n","protected":false},"featured_media":6701,"comment_status":"open","ping_status":"closed","template":"","meta":[],"pwb-brand":[154],"product_cat":[119],"product_tag":[],"brands":[{"id":154,"name":"HUDA BEAUTY","slug":"huda-beauty"}],"_links":{"self":[{"href":"https:\/\/leurellas.com\/index.php\/wp-json\/wp\/v2\/product\/6700"}],"collection":[{"href":"https:\/\/leurellas.com\/index.php\/wp-json\/wp\/v2\/product"}],"about":[{"href":"https:\/\/leurellas.com\/index.php\/wp-json\/wp\/v2\/types\/product"}],"replies":[{"embeddable":true,"href":"https:\/\/leurellas.com\/index.php\/wp-json\/wp\/v2\/comments?post=6700"}],"wp:featuredmedia":[{"embeddable":true,"href":"https:\/\/leurellas.com\/index.php\/wp-json\/wp\/v2\/media\/6701"}],"wp:attachment":[{"href":"https:\/\/leurellas.com\/index.php\/wp-json\/wp\/v2\/media?parent=6700"}],"wp:term":[{"taxonomy":"pwb-brand","embeddable":true,"href":"https:\/\/leurellas.com\/index.php\/wp-json\/wp\/v2\/pwb-brand?post=6700"},{"taxonomy":"product_cat","embeddable":true,"href":"https:\/\/leurellas.com\/index.php\/wp-json\/wp\/v2\/product_cat?post=6700"},{"taxonomy":"product_tag","embeddable":true,"href":"https:\/\/leurellas.com\/index.php\/wp-json\/wp\/v2\/product_tag?post=6700"}],"curies":[{"name":"wp","href":"https:\/\/api.w.org\/{rel}","templated":true}]}}