{"id":6696,"date":"2023-10-08T23:16:12","date_gmt":"2023-10-08T23:16:12","guid":{"rendered":"https:\/\/leurellas.com\/?post_type=product&#038;p=6696"},"modified":"2023-10-08T23:16:12","modified_gmt":"2023-10-08T23:16:12","slug":"primer-smashbox","status":"publish","type":"product","link":"https:\/\/leurellas.com\/index.php\/product\/primer-smashbox\/","title":{"rendered":"Primer Smashbox"},"content":{"rendered":"<h3>Primer Smashbox<\/h3>\n<p>El cl\u00e1sico de culto cristalino de la marca #1 de imprimaci\u00f3n libre de crueldad. Esta prebase aterciopelada y ligera suaviza y difumina al instante las l\u00edneas finas y los poros, nutre la piel con vitaminas A y E y ayuda a que el maquillaje se vea y se sienta mejor por m\u00e1s tiempo. F\u00f3rmula vegana y libre de crueldad.<\/p>\n<p>&nbsp;<\/p>\n","protected":false},"excerpt":{"rendered":"<h3 class=\"sc-prQTI jEQnXs elc-product-display-name-link js-product-display-name-link elc-heading--3\" aria-label=\"photo finish foundation primer\" data-test-id=\"product_name\">PHOTO FINISH FOUNDATION PRIMER<\/h3>\n<div class=\"elc-short-description-container js-short-description-container\">\n<h5 class=\"sc-qQlyE jaxQv elc-product-short-description-wrapper js-product-short-description-wrapper\" data-test-id=\"product_short_description\">CON UNA INFUSI\u00d3N DE VITAMINA A Y E<\/h5>\n<\/div>\n<div class=\"sc-fzoKki kNKLJw elc-rating-component js-rating-component\" data-test-id=\"ratings-and-reviews-feature\">\n<div class=\"elc-service-view-renderer\" data-rendered-view=\"product-rating\">\n<div class=\"sc-qQKBW igpGzY elc-product-rating-wrapper js-product-rating-wrapper\" data-test-id=\"product-rating\">&nbsp;<\/div>\n<\/div>\n<\/div>\n","protected":false},"featured_media":6697,"comment_status":"open","ping_status":"closed","template":"","meta":[],"pwb-brand":[153],"product_cat":[117],"product_tag":[],"brands":[{"id":153,"name":"Smashbox","slug":"smashbox"}],"_links":{"self":[{"href":"https:\/\/leurellas.com\/index.php\/wp-json\/wp\/v2\/product\/6696"}],"collection":[{"href":"https:\/\/leurellas.com\/index.php\/wp-json\/wp\/v2\/product"}],"about":[{"href":"https:\/\/leurellas.com\/index.php\/wp-json\/wp\/v2\/types\/product"}],"replies":[{"embeddable":true,"href":"https:\/\/leurellas.com\/index.php\/wp-json\/wp\/v2\/comments?post=6696"}],"wp:featuredmedia":[{"embeddable":true,"href":"https:\/\/leurellas.com\/index.php\/wp-json\/wp\/v2\/media\/6697"}],"wp:attachment":[{"href":"https:\/\/leurellas.com\/index.php\/wp-json\/wp\/v2\/media?parent=6696"}],"wp:term":[{"taxonomy":"pwb-brand","embeddable":true,"href":"https:\/\/leurellas.com\/index.php\/wp-json\/wp\/v2\/pwb-brand?post=6696"},{"taxonomy":"product_cat","embeddable":true,"href":"https:\/\/leurellas.com\/index.php\/wp-json\/wp\/v2\/product_cat?post=6696"},{"taxonomy":"product_tag","embeddable":true,"href":"https:\/\/leurellas.com\/index.php\/wp-json\/wp\/v2\/product_tag?post=6696"}],"curies":[{"name":"wp","href":"https:\/\/api.w.org\/{rel}","templated":true}]}}