{"id":6684,"date":"2023-10-08T21:25:47","date_gmt":"2023-10-08T21:25:47","guid":{"rendered":"https:\/\/leurellas.com\/?post_type=product&#038;p=6684"},"modified":"2023-10-08T21:29:39","modified_gmt":"2023-10-08T21:29:39","slug":"set-de-esponjas-morpheset-de-esponjas-morphe","status":"publish","type":"product","link":"https:\/\/leurellas.com\/index.php\/product\/set-de-esponjas-morpheset-de-esponjas-morphe\/","title":{"rendered":"Set De Esponjas MorpheSet"},"content":{"rendered":"<h3>Set De Esponjas Morphe<\/h3>\n<p>Incluye 3&nbsp;esponjas especialmente dise\u00f1adas para aplicar productos l\u00edquidos o en crema. Desde coberturas ligeras hasta totales, logra una aplicaci\u00f3n natural y uniforme.<\/p>\n","protected":false},"excerpt":{"rendered":"<h3 class=\"_2qrJF\" data-hook=\"product-title\">Morphe Jeffree Star Set 3 Esponjas<\/h3>\n<p>Incluye 3&nbsp;esponjas especialmente dise\u00f1adas para aplicar productos l\u00edquidos o en crema. Desde coberturas ligeras hasta totales, logra una aplicaci\u00f3n natural y uniforme.<\/p>\n","protected":false},"featured_media":6685,"comment_status":"open","ping_status":"closed","template":"","meta":[],"pwb-brand":[],"product_cat":[151,117],"product_tag":[],"brands":[],"_links":{"self":[{"href":"https:\/\/leurellas.com\/index.php\/wp-json\/wp\/v2\/product\/6684"}],"collection":[{"href":"https:\/\/leurellas.com\/index.php\/wp-json\/wp\/v2\/product"}],"about":[{"href":"https:\/\/leurellas.com\/index.php\/wp-json\/wp\/v2\/types\/product"}],"replies":[{"embeddable":true,"href":"https:\/\/leurellas.com\/index.php\/wp-json\/wp\/v2\/comments?post=6684"}],"wp:featuredmedia":[{"embeddable":true,"href":"https:\/\/leurellas.com\/index.php\/wp-json\/wp\/v2\/media\/6685"}],"wp:attachment":[{"href":"https:\/\/leurellas.com\/index.php\/wp-json\/wp\/v2\/media?parent=6684"}],"wp:term":[{"taxonomy":"pwb-brand","embeddable":true,"href":"https:\/\/leurellas.com\/index.php\/wp-json\/wp\/v2\/pwb-brand?post=6684"},{"taxonomy":"product_cat","embeddable":true,"href":"https:\/\/leurellas.com\/index.php\/wp-json\/wp\/v2\/product_cat?post=6684"},{"taxonomy":"product_tag","embeddable":true,"href":"https:\/\/leurellas.com\/index.php\/wp-json\/wp\/v2\/product_tag?post=6684"}],"curies":[{"name":"wp","href":"https:\/\/api.w.org\/{rel}","templated":true}]}}