{"id":6663,"date":"2023-10-08T20:43:45","date_gmt":"2023-10-08T20:43:45","guid":{"rendered":"https:\/\/leurellas.com\/?post_type=product&#038;p=6663"},"modified":"2024-04-28T17:06:04","modified_gmt":"2024-04-28T17:06:04","slug":"esponja-de-maquillaje-she-glam","status":"publish","type":"product","link":"https:\/\/leurellas.com\/index.php\/product\/esponja-de-maquillaje-she-glam\/","title":{"rendered":"Esponja de Maquillaje She Glam"},"content":{"rendered":"<h3 class=\"product_title entry-title wd-entities-title\">Esponja de Maquillaje She Glam<\/h3>\n<p>\u00a1Descubre estas esponjas ultrac\u00f3modas con variados dise\u00f1os aerodin\u00e1micos para una aplicaci\u00f3n de maquillaje impecable! Disponibles en una gama de colores y estilos, \u00a1elige la que mejor refleje tu estilo \u00fanico!<\/p>\n<p class=\"price\">&nbsp;<\/p>\n","protected":false},"excerpt":{"rendered":"<h3 class=\"product_title entry-title wd-entities-title\">Esponja de Maquillaje She Glam<\/h3>\n<p>\u00a1Descubre estas esponjas ultrac\u00f3modas con variados dise\u00f1os aerodin\u00e1micos para una aplicaci\u00f3n de maquillaje impecable! Disponibles en una gama de colores y estilos, \u00a1elige la que mejor refleje tu estilo \u00fanico!<\/p>\n<p class=\"price\">&nbsp;<\/p>\n","protected":false},"featured_media":6664,"comment_status":"open","ping_status":"closed","template":"","meta":[],"pwb-brand":[146],"product_cat":[151,117],"product_tag":[],"brands":[{"id":146,"name":"She Glam","slug":"she-glam"}],"_links":{"self":[{"href":"https:\/\/leurellas.com\/index.php\/wp-json\/wp\/v2\/product\/6663"}],"collection":[{"href":"https:\/\/leurellas.com\/index.php\/wp-json\/wp\/v2\/product"}],"about":[{"href":"https:\/\/leurellas.com\/index.php\/wp-json\/wp\/v2\/types\/product"}],"replies":[{"embeddable":true,"href":"https:\/\/leurellas.com\/index.php\/wp-json\/wp\/v2\/comments?post=6663"}],"wp:featuredmedia":[{"embeddable":true,"href":"https:\/\/leurellas.com\/index.php\/wp-json\/wp\/v2\/media\/6664"}],"wp:attachment":[{"href":"https:\/\/leurellas.com\/index.php\/wp-json\/wp\/v2\/media?parent=6663"}],"wp:term":[{"taxonomy":"pwb-brand","embeddable":true,"href":"https:\/\/leurellas.com\/index.php\/wp-json\/wp\/v2\/pwb-brand?post=6663"},{"taxonomy":"product_cat","embeddable":true,"href":"https:\/\/leurellas.com\/index.php\/wp-json\/wp\/v2\/product_cat?post=6663"},{"taxonomy":"product_tag","embeddable":true,"href":"https:\/\/leurellas.com\/index.php\/wp-json\/wp\/v2\/product_tag?post=6663"}],"curies":[{"name":"wp","href":"https:\/\/api.w.org\/{rel}","templated":true}]}}