{"id":6645,"date":"2023-10-08T17:35:33","date_gmt":"2023-10-08T17:35:33","guid":{"rendered":"https:\/\/leurellas.com\/?post_type=product&#038;p=6645"},"modified":"2023-10-08T17:35:34","modified_gmt":"2023-10-08T17:35:34","slug":"mascara-too-faced","status":"publish","type":"product","link":"https:\/\/leurellas.com\/index.php\/product\/mascara-too-faced\/","title":{"rendered":"Mascara Too Faced"},"content":{"rendered":"<h3>Mascara Too Faced<\/h3>\n<p style=\"font-weight: 400;\">Una m\u00e1scara tan fascinante solo puede ser&#8230;&nbsp;\u00a1Better Than Sex!<\/p>\n<p style=\"font-weight: 400;\"><b><strong>\u00bfQU\u00c9 ES?<\/strong><\/b><\/p>\n<p style=\"font-weight: 400;\">Una m\u00e1scara de pesta\u00f1as tan fascinante solo puede ser&#8230; \u00a1Better Than Sex! Esta f\u00f3rmula da grosor, alarga y riza las pesta\u00f1as tras aplicar una sola capa para conseguir un volumen incre\u00edblemente seductor y un efecto espectacular. Con la m\u00e1scara de pesta\u00f1as de prestigio m\u00e1s vendida* en Estados Unidos, Better Than Sex, conseguir\u00e1s unas pesta\u00f1as de infarto cada vez que la uses.<\/p>\n<p style=\"font-weight: 400;\"><b><strong>\u00bfQU\u00c9 M\u00c1S NECESITAS SABER?<\/strong><\/b><\/p>\n<ul style=\"font-weight: 400;\">\n<li>La m\u00e1scara para pesta\u00f1as de prestigio m\u00e1s vendida en Estados Unidos*<\/li>\n<li>Pol\u00edmero que forma una pel\u00edcula: fija el rizo de las pesta\u00f1as<\/li>\n<li>Extracto de acacia senegal: aporta volumen<\/li>\n<li>P\u00e9ptidos \u00fanicos: acondicionan las pesta\u00f1as<\/li>\n<\/ul>\n<p style=\"font-weight: 400;\"><i><em>*&nbsp;Fuente: The NPD Group, Inc.\/&nbsp;<\/em><\/i><i><em>Medici\u00f3n total del mercado de belleza de prestigio de EE.&nbsp;UU., ventas de productos de maquillaje, de junio de 2019 a junio de 2020<\/em><\/i><\/p>\n<p style=\"font-weight: 400;\">&nbsp;<\/p>\n","protected":false},"excerpt":{"rendered":"<h3>Mascara Too Faced<\/h3>\n<p>Una m\u00e1scara tan fascinante solo puede ser&#8230; \u00a1Better Than Sex! \u00bfQU\u00c9 ES? Una m\u00e1scara de pesta\u00f1as<\/p>\n<p>&nbsp;<\/p>\n","protected":false},"featured_media":6646,"comment_status":"open","ping_status":"closed","template":"","meta":[],"pwb-brand":[137],"product_cat":[117],"product_tag":[],"brands":[{"id":137,"name":"TOO FACED","slug":"too-faced"}],"_links":{"self":[{"href":"https:\/\/leurellas.com\/index.php\/wp-json\/wp\/v2\/product\/6645"}],"collection":[{"href":"https:\/\/leurellas.com\/index.php\/wp-json\/wp\/v2\/product"}],"about":[{"href":"https:\/\/leurellas.com\/index.php\/wp-json\/wp\/v2\/types\/product"}],"replies":[{"embeddable":true,"href":"https:\/\/leurellas.com\/index.php\/wp-json\/wp\/v2\/comments?post=6645"}],"wp:featuredmedia":[{"embeddable":true,"href":"https:\/\/leurellas.com\/index.php\/wp-json\/wp\/v2\/media\/6646"}],"wp:attachment":[{"href":"https:\/\/leurellas.com\/index.php\/wp-json\/wp\/v2\/media?parent=6645"}],"wp:term":[{"taxonomy":"pwb-brand","embeddable":true,"href":"https:\/\/leurellas.com\/index.php\/wp-json\/wp\/v2\/pwb-brand?post=6645"},{"taxonomy":"product_cat","embeddable":true,"href":"https:\/\/leurellas.com\/index.php\/wp-json\/wp\/v2\/product_cat?post=6645"},{"taxonomy":"product_tag","embeddable":true,"href":"https:\/\/leurellas.com\/index.php\/wp-json\/wp\/v2\/product_tag?post=6645"}],"curies":[{"name":"wp","href":"https:\/\/api.w.org\/{rel}","templated":true}]}}