{"id":6623,"date":"2023-10-08T13:39:50","date_gmt":"2023-10-08T13:39:50","guid":{"rendered":"https:\/\/leurellas.com\/?post_type=product&#038;p=6623"},"modified":"2023-10-08T16:56:57","modified_gmt":"2023-10-08T16:56:57","slug":"gloss-dose-of-color-playful-lip-gloss","status":"publish","type":"product","link":"https:\/\/leurellas.com\/index.php\/product\/gloss-dose-of-color-playful-lip-gloss\/","title":{"rendered":"Gloss Dose Of Color"},"content":{"rendered":"<h3>Gloss Dose Of Color<\/h3>\n<p>Una f\u00f3rmula ultra brillante y no pegajosa con una sensaci\u00f3n suave \u00fanica. Se puede usar solo o sobre cualquier l\u00e1piz labial.<\/p>\n<p>Los resultados de nuestros colores pueden variar debido a una serie de factores que incluyen, entre otros; Ajustes de resoluci\u00f3n del monitor, iluminaci\u00f3n y tono de piel, etc.<\/p>\n<p>PESO NETO 4.5g \/ 0.16oz<\/p>\n","protected":false},"excerpt":{"rendered":"<div class=\"product-title-price\">\n<h3 class=\"product-single__title\" style=\"text-align: center;\">PLAYFUL LIP GLOSS<\/h3>\n<\/div>\n<div class=\"product_info\">\n<p style=\"text-align: center;\">VEGANO | LIBRE DE CRUELDAD | SIN GLUTEN | LIBRE DE PARABEN<\/p>\n<\/div>\n","protected":false},"featured_media":6624,"comment_status":"open","ping_status":"closed","template":"","meta":[],"pwb-brand":[138],"product_cat":[119],"product_tag":[],"brands":[{"id":138,"name":"Dose Of Color","slug":"dose-of-color"}],"_links":{"self":[{"href":"https:\/\/leurellas.com\/index.php\/wp-json\/wp\/v2\/product\/6623"}],"collection":[{"href":"https:\/\/leurellas.com\/index.php\/wp-json\/wp\/v2\/product"}],"about":[{"href":"https:\/\/leurellas.com\/index.php\/wp-json\/wp\/v2\/types\/product"}],"replies":[{"embeddable":true,"href":"https:\/\/leurellas.com\/index.php\/wp-json\/wp\/v2\/comments?post=6623"}],"wp:featuredmedia":[{"embeddable":true,"href":"https:\/\/leurellas.com\/index.php\/wp-json\/wp\/v2\/media\/6624"}],"wp:attachment":[{"href":"https:\/\/leurellas.com\/index.php\/wp-json\/wp\/v2\/media?parent=6623"}],"wp:term":[{"taxonomy":"pwb-brand","embeddable":true,"href":"https:\/\/leurellas.com\/index.php\/wp-json\/wp\/v2\/pwb-brand?post=6623"},{"taxonomy":"product_cat","embeddable":true,"href":"https:\/\/leurellas.com\/index.php\/wp-json\/wp\/v2\/product_cat?post=6623"},{"taxonomy":"product_tag","embeddable":true,"href":"https:\/\/leurellas.com\/index.php\/wp-json\/wp\/v2\/product_tag?post=6623"}],"curies":[{"name":"wp","href":"https:\/\/api.w.org\/{rel}","templated":true}]}}