{"id":6614,"date":"2023-10-08T13:07:24","date_gmt":"2023-10-08T13:07:24","guid":{"rendered":"https:\/\/leurellas.com\/?post_type=product&#038;p=6614"},"modified":"2023-10-08T13:07:24","modified_gmt":"2023-10-08T13:07:24","slug":"labial-matte-satin-milani","status":"publish","type":"product","link":"https:\/\/leurellas.com\/index.php\/product\/labial-matte-satin-milani\/","title":{"rendered":"Labial Matte Satin Milani"},"content":{"rendered":"<h3>Labial Matte Satin Milani<\/h3>\n<p>Intenso y atrevido, con un acabado mate, suave, de gamuza suave y mantecoso. Contiene manteca de karit\u00e9 y aceite de soja para una hidrataci\u00f3n duradera. La nueva f\u00f3rmula, sin peso, protege los labios durante horas de uso m\u00e1s duradero y m\u00e1s c\u00f3modo. Formulado con imprimaci\u00f3n incorporada para rellenar l\u00edneas y suavizar la textura de los labios. Disponible en 12 tonos.<\/p>\n","protected":false},"excerpt":{"rendered":"<h3>Labial Matte Satin Milani<\/h3>\n<p>Intenso y atrevido, con un acabado mate, suave, de gamuza suave y mantecoso. Contiene manteca de karit\u00e9 y aceite de soja para una hidrataci\u00f3n duradera. La nueva f\u00f3rmula, sin peso, protege los labios durante horas de uso m\u00e1s duradero y m\u00e1s c\u00f3modo. Formulado con imprimaci\u00f3n incorporada para rellenar l\u00edneas y suavizar la textura de los labios. Disponible en 12 tonos.<\/p>\n","protected":false},"featured_media":6615,"comment_status":"open","ping_status":"closed","template":"","meta":[],"pwb-brand":[106],"product_cat":[119],"product_tag":[],"brands":[{"id":106,"name":"Milani","slug":"milani"}],"_links":{"self":[{"href":"https:\/\/leurellas.com\/index.php\/wp-json\/wp\/v2\/product\/6614"}],"collection":[{"href":"https:\/\/leurellas.com\/index.php\/wp-json\/wp\/v2\/product"}],"about":[{"href":"https:\/\/leurellas.com\/index.php\/wp-json\/wp\/v2\/types\/product"}],"replies":[{"embeddable":true,"href":"https:\/\/leurellas.com\/index.php\/wp-json\/wp\/v2\/comments?post=6614"}],"wp:featuredmedia":[{"embeddable":true,"href":"https:\/\/leurellas.com\/index.php\/wp-json\/wp\/v2\/media\/6615"}],"wp:attachment":[{"href":"https:\/\/leurellas.com\/index.php\/wp-json\/wp\/v2\/media?parent=6614"}],"wp:term":[{"taxonomy":"pwb-brand","embeddable":true,"href":"https:\/\/leurellas.com\/index.php\/wp-json\/wp\/v2\/pwb-brand?post=6614"},{"taxonomy":"product_cat","embeddable":true,"href":"https:\/\/leurellas.com\/index.php\/wp-json\/wp\/v2\/product_cat?post=6614"},{"taxonomy":"product_tag","embeddable":true,"href":"https:\/\/leurellas.com\/index.php\/wp-json\/wp\/v2\/product_tag?post=6614"}],"curies":[{"name":"wp","href":"https:\/\/api.w.org\/{rel}","templated":true}]}}