{"id":6606,"date":"2023-10-07T23:15:11","date_gmt":"2023-10-07T23:15:11","guid":{"rendered":"https:\/\/leurellas.com\/?post_type=product&#038;p=6606"},"modified":"2023-10-07T23:15:11","modified_gmt":"2023-10-07T23:15:11","slug":"splash-victoria-secret","status":"publish","type":"product","link":"https:\/\/leurellas.com\/index.php\/product\/splash-victoria-secret\/","title":{"rendered":"Splash Victoria Secret"},"content":{"rendered":"<h3>Splash Victoria Secret<\/h3>\n<p>Suave y rico. Tus aromas favoritos se envuelven con notas de vainilla afelpada, p\u00e9talos de almohada y merengue batido. Se siente como el calor del oto\u00f1o. Comb\u00ednalo con una loci\u00f3n de fragancia a juego.<\/p>\n<p>HECHIZO DE AMOR CACHEMIRA<\/p>\n<p>Descripci\u00f3n de la fragancia<\/p>\n<ul>\n<li>Tipo: Floral Afrutado<\/li>\n<li>Notas: nectarina rica, malvavisco esponjoso<\/li>\n<\/ul>\n<p>Propina<\/p>\n<ul>\n<li>Comb\u00ednalo con la loci\u00f3n de fragancia a juego para una experiencia de fragancia duradera.<\/li>\n<\/ul>\n<p>Detalles<\/p>\n<ul>\n<li>250 ml\/8.4 fl oz.<\/li>\n<li>Dom\u00e9stico<\/li>\n<\/ul>\n","protected":false},"excerpt":{"rendered":"<h3>Splash Victoria Secret<\/h3>\n<p>Suave y rico. Tus aromas favoritos se envuelven con notas de vainilla afelpada, p\u00e9talos de almohada y merengue batido. Se siente como el calor del oto\u00f1o. Comb\u00ednalo con una loci\u00f3n de fragancia a juego.<\/p>\n","protected":false},"featured_media":6607,"comment_status":"open","ping_status":"closed","template":"","meta":[],"pwb-brand":[131],"product_cat":[130],"product_tag":[],"brands":[{"id":131,"name":"Victoria\u2019s Secret","slug":"victorias-secret"}],"_links":{"self":[{"href":"https:\/\/leurellas.com\/index.php\/wp-json\/wp\/v2\/product\/6606"}],"collection":[{"href":"https:\/\/leurellas.com\/index.php\/wp-json\/wp\/v2\/product"}],"about":[{"href":"https:\/\/leurellas.com\/index.php\/wp-json\/wp\/v2\/types\/product"}],"replies":[{"embeddable":true,"href":"https:\/\/leurellas.com\/index.php\/wp-json\/wp\/v2\/comments?post=6606"}],"wp:featuredmedia":[{"embeddable":true,"href":"https:\/\/leurellas.com\/index.php\/wp-json\/wp\/v2\/media\/6607"}],"wp:attachment":[{"href":"https:\/\/leurellas.com\/index.php\/wp-json\/wp\/v2\/media?parent=6606"}],"wp:term":[{"taxonomy":"pwb-brand","embeddable":true,"href":"https:\/\/leurellas.com\/index.php\/wp-json\/wp\/v2\/pwb-brand?post=6606"},{"taxonomy":"product_cat","embeddable":true,"href":"https:\/\/leurellas.com\/index.php\/wp-json\/wp\/v2\/product_cat?post=6606"},{"taxonomy":"product_tag","embeddable":true,"href":"https:\/\/leurellas.com\/index.php\/wp-json\/wp\/v2\/product_tag?post=6606"}],"curies":[{"name":"wp","href":"https:\/\/api.w.org\/{rel}","templated":true}]}}