{"id":6600,"date":"2023-10-07T22:53:51","date_gmt":"2023-10-07T22:53:51","guid":{"rendered":"https:\/\/leurellas.com\/?post_type=product&#038;p=6600"},"modified":"2023-10-07T22:53:51","modified_gmt":"2023-10-07T22:53:51","slug":"perfume-aquolina-pink-sugar","status":"publish","type":"product","link":"https:\/\/leurellas.com\/index.php\/product\/perfume-aquolina-pink-sugar\/","title":{"rendered":"Perfume AQUOLINA Pink Sugar"},"content":{"rendered":"<h3>Perfume Pink Sugar 100Ml<\/h3>\n<p>\u00a1SUM\u00c9RGETE EN UN MUNDO REINADO POR EL ALGOD\u00d3N DE AZ\u00daCAR!<\/p>\n<p>Pink Sugar de Aquolina es un \u201cEau de Toilette\u201d para mujer perteneciente a la familia Floral Frutal Gourmand. Se trata de una creaci\u00f3n de car\u00e1cter juvenil, con un aroma altamente comestible. Destellos dulces y placenteros nos invitan a sumergirnos en un mundo fantasioso, en el que nosotras seremos las protagonistas de un incre\u00edble cuento de hadas.<\/p>\n<p>Esta fragancia fue creada en el a\u00f1o 2004. En ella se plasma el amor de la juventud por las gominolas y los aromas dulces. Describe a una chica actual y rom\u00e1ntica, muy femenina y coqueta, a la que le gusta dejarse llevar a trav\u00e9s de viajes imaginarios, por lo tanto, es una chica muy so\u00f1adora, caracter\u00edstica muy acorde a su temprana edad.<\/p>\n<p>Su pir\u00e1mide olfativa inicia con notas frutales, como naranja, hojas de higuera, frambuesa y bergamota, dot\u00e1ndola desde su comienzo con un toque dulce y muy femenino. Seguidamente, se abre paso un coraz\u00f3n deleitante, que se apodera de nuestros sentidos, formado por fresa, algod\u00f3n de az\u00facar lirio de los valles, regaliz y bayas rojas. Finalmente, caramelo y vainilla se a\u00fanan para dejarnos con la miel en los labios, y dotar a esta fragancia con una esencia adictiva.<\/p>\n","protected":false},"excerpt":{"rendered":"<h3>Perfume Pink Sugar 100Ml<\/h3>\n<p>Pink Sugar de Aquolina es un \u201cEau de Toilette\u201d para mujer perteneciente a la familia Floral Frutal Gourmand. Se trata de una creaci\u00f3n de car\u00e1cter juvenil, con un aroma altamente comestible.<\/p>\n","protected":false},"featured_media":6601,"comment_status":"open","ping_status":"closed","template":"","meta":[],"pwb-brand":[132],"product_cat":[130],"product_tag":[],"brands":[{"id":132,"name":"AQUOLINA","slug":"aquolina"}],"_links":{"self":[{"href":"https:\/\/leurellas.com\/index.php\/wp-json\/wp\/v2\/product\/6600"}],"collection":[{"href":"https:\/\/leurellas.com\/index.php\/wp-json\/wp\/v2\/product"}],"about":[{"href":"https:\/\/leurellas.com\/index.php\/wp-json\/wp\/v2\/types\/product"}],"replies":[{"embeddable":true,"href":"https:\/\/leurellas.com\/index.php\/wp-json\/wp\/v2\/comments?post=6600"}],"wp:featuredmedia":[{"embeddable":true,"href":"https:\/\/leurellas.com\/index.php\/wp-json\/wp\/v2\/media\/6601"}],"wp:attachment":[{"href":"https:\/\/leurellas.com\/index.php\/wp-json\/wp\/v2\/media?parent=6600"}],"wp:term":[{"taxonomy":"pwb-brand","embeddable":true,"href":"https:\/\/leurellas.com\/index.php\/wp-json\/wp\/v2\/pwb-brand?post=6600"},{"taxonomy":"product_cat","embeddable":true,"href":"https:\/\/leurellas.com\/index.php\/wp-json\/wp\/v2\/product_cat?post=6600"},{"taxonomy":"product_tag","embeddable":true,"href":"https:\/\/leurellas.com\/index.php\/wp-json\/wp\/v2\/product_tag?post=6600"}],"curies":[{"name":"wp","href":"https:\/\/api.w.org\/{rel}","templated":true}]}}