{"id":6597,"date":"2023-10-07T22:16:53","date_gmt":"2023-10-07T22:16:53","guid":{"rendered":"https:\/\/leurellas.com\/?post_type=product&#038;p=6597"},"modified":"2023-10-07T22:21:21","modified_gmt":"2023-10-07T22:21:21","slug":"perfume-bombshell","status":"publish","type":"product","link":"https:\/\/leurellas.com\/index.php\/product\/perfume-bombshell\/","title":{"rendered":"Perfume Bombshell"},"content":{"rendered":"<h3>Perfume Bombshell<\/h3>\n<p>Hay una Bombshell en cada persona. Audaz y confiada, las notas de salida de la fragancia n.\u00ba 1 de EE. UU* son el destello brillante de la fruta de la pasi\u00f3n p\u00farpura brasile\u00f1a. El coraz\u00f3n de la fragancia explota con la floral caracter\u00edstica de Bombshell, la peon\u00eda. En este caso, la variedad es la peon\u00eda Shangri-la del T\u00edbet. La orqu\u00eddea de vainilla de Madagascar a\u00f1ade un toque dulce cremoso. Sin embargo, es el pino italiano ba\u00f1ado por el sol el que confiere a Bombshell su inimitable toque olfativo. En el pasado reservada a las fragancias masculinas, pero pionera para las mujeres con la creaci\u00f3n de Bombshell, las notas se encierran en el momento en que el pino de Liguria se calienta con el sol de la tarde.<\/p>\n<p><strong>Tipo de fragancia:<\/strong> floral afrutado<br \/>\n<strong>Notas:<\/strong> fruta de la pasi\u00f3n p\u00farpura, peon\u00eda de Shangri-la y orqu\u00eddea de vainilla<br \/>\nEl perfume es nuestra versi\u00f3n m\u00e1s concentrada y pura de la fragancia<br \/>\n100 ml\/3,4 fl oz<\/p>\n<h2 style=\"text-align: center;\">Dentro de la Botella<\/h2>\n<div class=\"jetpack-video-wrapper\"><iframe title=\"2022_0411_VS_BS22_Scent_Cut 7_900x400.mp4\" src=\"https:\/\/player.vimeo.com\/video\/709570606?dnt=1&amp;app_id=122963\" width=\"900\" height=\"400\" frameborder=\"0\" allow=\"autoplay; fullscreen; picture-in-picture\"><\/iframe><\/div>\n<p><img decoding=\"async\" class=\"aligncenter\" src=\"https:\/\/www.victoriassecretbeauty.es\/on\/demandware.static\/-\/Sites-VS-Library\/es_ES\/dwc5fc00fd\/Fragrance\/Aplus-fragrance\/bombshell\/06.08.21-VSIB-Bombshell-ECOMM-STORYBOARD_D_ES_01.jpg\"><\/p>\n","protected":false},"excerpt":{"rendered":"<h3>Perfume Bombshell<\/h3>\n<p>El coraz\u00f3n de la fragancia explota con la floral caracter\u00edstica de Bombshell, la peon\u00eda. En este caso, la variedad es la peon\u00eda Shangri-la del T\u00edbet<\/p>\n","protected":false},"featured_media":6598,"comment_status":"open","ping_status":"closed","template":"","meta":[],"pwb-brand":[131],"product_cat":[130],"product_tag":[],"brands":[{"id":131,"name":"Victoria\u2019s Secret","slug":"victorias-secret"}],"_links":{"self":[{"href":"https:\/\/leurellas.com\/index.php\/wp-json\/wp\/v2\/product\/6597"}],"collection":[{"href":"https:\/\/leurellas.com\/index.php\/wp-json\/wp\/v2\/product"}],"about":[{"href":"https:\/\/leurellas.com\/index.php\/wp-json\/wp\/v2\/types\/product"}],"replies":[{"embeddable":true,"href":"https:\/\/leurellas.com\/index.php\/wp-json\/wp\/v2\/comments?post=6597"}],"wp:featuredmedia":[{"embeddable":true,"href":"https:\/\/leurellas.com\/index.php\/wp-json\/wp\/v2\/media\/6598"}],"wp:attachment":[{"href":"https:\/\/leurellas.com\/index.php\/wp-json\/wp\/v2\/media?parent=6597"}],"wp:term":[{"taxonomy":"pwb-brand","embeddable":true,"href":"https:\/\/leurellas.com\/index.php\/wp-json\/wp\/v2\/pwb-brand?post=6597"},{"taxonomy":"product_cat","embeddable":true,"href":"https:\/\/leurellas.com\/index.php\/wp-json\/wp\/v2\/product_cat?post=6597"},{"taxonomy":"product_tag","embeddable":true,"href":"https:\/\/leurellas.com\/index.php\/wp-json\/wp\/v2\/product_tag?post=6597"}],"curies":[{"name":"wp","href":"https:\/\/api.w.org\/{rel}","templated":true}]}}