{"id":6561,"date":"2023-10-07T17:36:12","date_gmt":"2023-10-07T17:36:12","guid":{"rendered":"https:\/\/leurellas.com\/?post_type=product&#038;p=6561"},"modified":"2023-10-07T17:36:12","modified_gmt":"2023-10-07T17:36:12","slug":"pegamento-aoa","status":"publish","type":"product","link":"https:\/\/leurellas.com\/index.php\/product\/pegamento-aoa\/","title":{"rendered":"Pegamento Aoa"},"content":{"rendered":"<h3><em><strong>PEGA DE PESTA\u00d1A AOA<\/strong><\/em><\/h3>\n<div class=\"product__description rte quick-add-hidden\">\u00a1El pegamento AOA Eye Lash en Clear incluye un aplicador de brocha f\u00e1cil para una aplicaci\u00f3n impecable!<\/p>\n<ul>\n<li>Formulado para un uso superior y duradero de las pesta\u00f1as.<\/li>\n<li>Cepillo aplicador para una aplicaci\u00f3n impecable y sin complicaciones.<\/li>\n<li>Impermeable, libre de l\u00e1tex, libre de olores, libre de crueldad<\/li>\n<\/ul>\n<p>C\u00f3mo utilizar:<\/p>\n<ol>\n<li>Aplique el adhesivo AOA a la banda de pesta\u00f1as<\/li>\n<li>Espere 30 segundos para que el adhesivo se vuelva ligeramente transparente y pegajoso.<\/li>\n<li>Aplique las pesta\u00f1as a lo largo de la l\u00ednea natural de las pesta\u00f1as.<\/li>\n<\/ol>\n<p>Precauciones: Mantener fuera del alcance de los ni\u00f1os. Evite el contacto con los ojos, si ocurre contacto, lave inmediatamente con agua tibia.&nbsp;<\/p><\/div>\n","protected":false},"excerpt":{"rendered":"<h3>Pegamento Aoa<\/h3>\n<p>\u00a1El pegamento AOA Eye Lash en Clear incluye un aplicador de brocha f\u00e1cil para una aplicaci\u00f3n impecable!<\/p>\n<ul>\n<li>Formulado para un uso superior y duradero de las pesta\u00f1as.<\/li>\n<li>Cepillo aplicador para una aplicaci\u00f3n impecable y sin complicaciones.<\/li>\n<li>Impermeable, libre de l\u00e1tex, libre de olores, libre de crueldad<\/li>\n<\/ul>\n","protected":false},"featured_media":6562,"comment_status":"open","ping_status":"closed","template":"","meta":[],"pwb-brand":[124],"product_cat":[117],"product_tag":[],"brands":[{"id":124,"name":"Aoa","slug":"aoa"}],"_links":{"self":[{"href":"https:\/\/leurellas.com\/index.php\/wp-json\/wp\/v2\/product\/6561"}],"collection":[{"href":"https:\/\/leurellas.com\/index.php\/wp-json\/wp\/v2\/product"}],"about":[{"href":"https:\/\/leurellas.com\/index.php\/wp-json\/wp\/v2\/types\/product"}],"replies":[{"embeddable":true,"href":"https:\/\/leurellas.com\/index.php\/wp-json\/wp\/v2\/comments?post=6561"}],"wp:featuredmedia":[{"embeddable":true,"href":"https:\/\/leurellas.com\/index.php\/wp-json\/wp\/v2\/media\/6562"}],"wp:attachment":[{"href":"https:\/\/leurellas.com\/index.php\/wp-json\/wp\/v2\/media?parent=6561"}],"wp:term":[{"taxonomy":"pwb-brand","embeddable":true,"href":"https:\/\/leurellas.com\/index.php\/wp-json\/wp\/v2\/pwb-brand?post=6561"},{"taxonomy":"product_cat","embeddable":true,"href":"https:\/\/leurellas.com\/index.php\/wp-json\/wp\/v2\/product_cat?post=6561"},{"taxonomy":"product_tag","embeddable":true,"href":"https:\/\/leurellas.com\/index.php\/wp-json\/wp\/v2\/product_tag?post=6561"}],"curies":[{"name":"wp","href":"https:\/\/api.w.org\/{rel}","templated":true}]}}