{"id":6556,"date":"2023-10-07T17:26:16","date_gmt":"2023-10-07T17:26:16","guid":{"rendered":"https:\/\/leurellas.com\/?post_type=product&#038;p=6556"},"modified":"2023-10-08T21:29:39","modified_gmt":"2023-10-08T21:29:39","slug":"esponja-aoa","status":"publish","type":"product","link":"https:\/\/leurellas.com\/index.php\/product\/esponja-aoa\/","title":{"rendered":"Esponja Aoa"},"content":{"rendered":"<h3>Esponja Aoa<\/h3>\n<p>Esta esponja de maquillaje cosm\u00e9tico sin l\u00e1tex, es perfecta para aplicaciones de base y contorneado.<br \/>\nSu forma \u00fanica permite que se use para muchos productos diferentes y sea f\u00e1cil de agarrar.<\/p>\n<p><strong>Como usar:<\/strong><br \/>\n<strong>1.<\/strong>Use la parte superior puntiaguda para contornear y esculpir.<br \/>\n<strong>2.<\/strong>El borde plano para la aplicaci\u00f3n de la base en \u00e1reas m\u00e1s grandes de la cara con un acabado impecable.<br \/>\n<strong>3.<\/strong>Esta esponja tambi\u00e9n es ideal para agregar brillo y rubor a diferentes \u00e1reas de la cara.<\/p>\n<p><strong>La AOA Wonder Blender<\/strong><br \/>\nEs la herramienta de esponja definitiva para todos los productos l\u00edquidos, cremosos y en polvo.<br \/>\nEsta esponja proporciona un acabado perfecto tipo aer\u00f3grafo es decir sin rayas ni manchas.<\/p>\n","protected":false},"excerpt":{"rendered":"<h3>Esponja Aoa<\/h3>\n<p>Esponja AOA studio con tecnolog\u00eda de silic\u00f3n<\/p>\n","protected":false},"featured_media":6557,"comment_status":"open","ping_status":"closed","template":"","meta":[],"pwb-brand":[124],"product_cat":[151,117],"product_tag":[],"brands":[{"id":124,"name":"Aoa","slug":"aoa"}],"_links":{"self":[{"href":"https:\/\/leurellas.com\/index.php\/wp-json\/wp\/v2\/product\/6556"}],"collection":[{"href":"https:\/\/leurellas.com\/index.php\/wp-json\/wp\/v2\/product"}],"about":[{"href":"https:\/\/leurellas.com\/index.php\/wp-json\/wp\/v2\/types\/product"}],"replies":[{"embeddable":true,"href":"https:\/\/leurellas.com\/index.php\/wp-json\/wp\/v2\/comments?post=6556"}],"wp:featuredmedia":[{"embeddable":true,"href":"https:\/\/leurellas.com\/index.php\/wp-json\/wp\/v2\/media\/6557"}],"wp:attachment":[{"href":"https:\/\/leurellas.com\/index.php\/wp-json\/wp\/v2\/media?parent=6556"}],"wp:term":[{"taxonomy":"pwb-brand","embeddable":true,"href":"https:\/\/leurellas.com\/index.php\/wp-json\/wp\/v2\/pwb-brand?post=6556"},{"taxonomy":"product_cat","embeddable":true,"href":"https:\/\/leurellas.com\/index.php\/wp-json\/wp\/v2\/product_cat?post=6556"},{"taxonomy":"product_tag","embeddable":true,"href":"https:\/\/leurellas.com\/index.php\/wp-json\/wp\/v2\/product_tag?post=6556"}],"curies":[{"name":"wp","href":"https:\/\/api.w.org\/{rel}","templated":true}]}}