{"id":6553,"date":"2023-10-07T13:59:41","date_gmt":"2023-10-07T13:59:41","guid":{"rendered":"https:\/\/leurellas.com\/?post_type=product&#038;p=6553"},"modified":"2023-10-07T13:59:41","modified_gmt":"2023-10-07T13:59:41","slug":"corrector-la-girl","status":"publish","type":"product","link":"https:\/\/leurellas.com\/index.php\/product\/corrector-la-girl\/","title":{"rendered":"Corrector La Girl"},"content":{"rendered":"<h3>Corrector La Girl<\/h3>\n<p>Un corrector que no necesita presentaci\u00f3n.&nbsp;LA Girl HD PRO.conceal es el santo grial de los correctores.&nbsp;La textura cremosa pero liviana brinda una cobertura completa y de aspecto natural con una sensaci\u00f3n de &#8220;apenas&#8221; y uso durante todo el d\u00eda.&nbsp;Nuestros correctores de color m\u00e1s vendidos camuflan la oscuridad debajo de los ojos, reducen el enrojecimiento y eliminan la hiperpigmentaci\u00f3n para que puedas estresarte menos y matar m\u00e1s.&nbsp;Un aplicador con punta de pincel hace que la colocaci\u00f3n sea m\u00e1s f\u00e1cil que nunca: apriete suavemente el producto en el pincel y apl\u00edquelo seg\u00fan sea necesario.<\/p>\n<p>Aunque PRO.conceal brinda una cobertura impecable para su trabajo diario, como complemento adicional, puede usarlo para contornear y resaltar, arrebatando sus funciones, al igual que los PRO.<\/p>\n<ul>\n<li>Textura ligera y cremosa.<\/li>\n<li>F\u00f3rmula de larga duraci\u00f3n resistente a las arrugas.<\/li>\n<li>Aplicador incorporado con punta de pincel<\/li>\n<li>Corrija, oculte, contornee y resalte<\/li>\n<li>Ideal para todo tipo de piel<\/li>\n<li>Sin crueldad y sin fragancia<\/li>\n<\/ul>\n<p><img decoding=\"async\" src=\"https:\/\/www.lagirlusa.com\/cdn\/shop\/files\/LAG_2018_proconceal_website_2000x.jpg?v=1613677351\"><\/p>\n","protected":false},"excerpt":{"rendered":"<h3>Corrector La Girl<\/h3>\n<p><strong>Tipo de Producto:<\/strong>Corrector<br \/>\n<strong>Marca:<\/strong>L.A. Girl<br \/>\n<strong>Contenido:<\/strong>8<br \/>\n<strong>Beneficio Piel:<\/strong>Corregir Tonos<br \/>\n<strong>Textura:<\/strong>Crema<br \/>\n<strong>Formato:<\/strong>Individual<br \/>\n<strong>Efecto:<\/strong>Natural<br \/>\n<strong>Atributo Especiales:<\/strong><br \/>\n<strong>Factor de Protecci\u00f3n Solar:<\/strong><br \/>\n<strong>Tipo de Piel:<\/strong>Todo tipo de piel<br \/>\n<strong>Tipo de Cabello:<\/strong><\/p>\n","protected":false},"featured_media":6554,"comment_status":"open","ping_status":"closed","template":"","meta":[],"pwb-brand":[123],"product_cat":[117],"product_tag":[],"brands":[{"id":123,"name":"L.A. Girl","slug":"l-a-girl"}],"_links":{"self":[{"href":"https:\/\/leurellas.com\/index.php\/wp-json\/wp\/v2\/product\/6553"}],"collection":[{"href":"https:\/\/leurellas.com\/index.php\/wp-json\/wp\/v2\/product"}],"about":[{"href":"https:\/\/leurellas.com\/index.php\/wp-json\/wp\/v2\/types\/product"}],"replies":[{"embeddable":true,"href":"https:\/\/leurellas.com\/index.php\/wp-json\/wp\/v2\/comments?post=6553"}],"wp:featuredmedia":[{"embeddable":true,"href":"https:\/\/leurellas.com\/index.php\/wp-json\/wp\/v2\/media\/6554"}],"wp:attachment":[{"href":"https:\/\/leurellas.com\/index.php\/wp-json\/wp\/v2\/media?parent=6553"}],"wp:term":[{"taxonomy":"pwb-brand","embeddable":true,"href":"https:\/\/leurellas.com\/index.php\/wp-json\/wp\/v2\/pwb-brand?post=6553"},{"taxonomy":"product_cat","embeddable":true,"href":"https:\/\/leurellas.com\/index.php\/wp-json\/wp\/v2\/product_cat?post=6553"},{"taxonomy":"product_tag","embeddable":true,"href":"https:\/\/leurellas.com\/index.php\/wp-json\/wp\/v2\/product_tag?post=6553"}],"curies":[{"name":"wp","href":"https:\/\/api.w.org\/{rel}","templated":true}]}}