{"id":6542,"date":"2023-10-07T13:31:27","date_gmt":"2023-10-07T13:31:27","guid":{"rendered":"https:\/\/leurellas.com\/?post_type=product&#038;p=6542"},"modified":"2023-10-07T13:32:18","modified_gmt":"2023-10-07T13:32:18","slug":"pomada-anastacia","status":"publish","type":"product","link":"https:\/\/leurellas.com\/index.php\/product\/pomada-anastacia\/","title":{"rendered":"Pomada Anastacia"},"content":{"rendered":"<p><strong>Pomada Anastacia<\/strong><\/p>\n<p>Esta crema gel impermeable de secado r\u00e1pido no gotea ni se corre durante todo el d\u00eda.<br \/>\nSu f\u00f3rmula altamente pigmentada se mezcla f\u00e1cilmente para crear la ilusi\u00f3n de unas cejas espesas, y lo mejor es que solo tienes que usar una peque\u00f1a cantidad de producto para conseguirlo.<\/p>\n<p><img decoding=\"async\" src=\"https:\/\/www.sephora.es\/on\/demandware.static\/-\/Library-Sites-SephoraV2\/es_ES\/dwf4448a9c\/2022\/MARCAS\/ANASTASIA%20BEVERLY\/ANASTASIABEVERLYHILLS_630_437_type1.jpg\"><\/p>\n","protected":false},"excerpt":{"rendered":"<h3 class=\"product-title-heading\"><span class=\"product-name product-name-bold\">DIPBROW Pomade &#8211; Crema-gel para cejas<\/span><\/h3>\n<p>Esta crema gel impermeable de secado r\u00e1pido no gotea ni se corre durante todo el d\u00eda.<\/p>\n","protected":false},"featured_media":6543,"comment_status":"open","ping_status":"closed","template":"","meta":[],"pwb-brand":[121],"product_cat":[117],"product_tag":[],"brands":[{"id":121,"name":"Anastacia","slug":"anastacia"}],"_links":{"self":[{"href":"https:\/\/leurellas.com\/index.php\/wp-json\/wp\/v2\/product\/6542"}],"collection":[{"href":"https:\/\/leurellas.com\/index.php\/wp-json\/wp\/v2\/product"}],"about":[{"href":"https:\/\/leurellas.com\/index.php\/wp-json\/wp\/v2\/types\/product"}],"replies":[{"embeddable":true,"href":"https:\/\/leurellas.com\/index.php\/wp-json\/wp\/v2\/comments?post=6542"}],"wp:featuredmedia":[{"embeddable":true,"href":"https:\/\/leurellas.com\/index.php\/wp-json\/wp\/v2\/media\/6543"}],"wp:attachment":[{"href":"https:\/\/leurellas.com\/index.php\/wp-json\/wp\/v2\/media?parent=6542"}],"wp:term":[{"taxonomy":"pwb-brand","embeddable":true,"href":"https:\/\/leurellas.com\/index.php\/wp-json\/wp\/v2\/pwb-brand?post=6542"},{"taxonomy":"product_cat","embeddable":true,"href":"https:\/\/leurellas.com\/index.php\/wp-json\/wp\/v2\/product_cat?post=6542"},{"taxonomy":"product_tag","embeddable":true,"href":"https:\/\/leurellas.com\/index.php\/wp-json\/wp\/v2\/product_tag?post=6542"}],"curies":[{"name":"wp","href":"https:\/\/api.w.org\/{rel}","templated":true}]}}