{"id":6331,"date":"2023-08-22T00:29:58","date_gmt":"2023-08-22T00:29:58","guid":{"rendered":"https:\/\/leurellas.com\/?post_type=product&#038;p=6331"},"modified":"2023-10-10T15:29:06","modified_gmt":"2023-10-10T15:29:06","slug":"hidratante-de-labios-blistex","status":"publish","type":"product","link":"https:\/\/leurellas.com\/index.php\/product\/hidratante-de-labios-blistex\/","title":{"rendered":"Hidratante De Labios Blistex"},"content":{"rendered":"<h3><strong>Hidratante De Labios Blistex<\/strong><\/h3>\n<p>B\u00e1lsamo hidratante formulado en base a ingredientes naturales como el aceite de semilla de c\u00e1\u00f1amo y manteca de karit\u00e9.<\/p>\n<p>\u2022 Hidrataci\u00f3n duradera de hasta 24 horas.<br \/>\n\u2022 El aceite de semilla de c\u00e1\u00f1amo es superhidratante, gracias a su composici\u00f3n rica en \u00e1cidos grasos Omega-3.<br \/>\n\u2022 La cera natural de abeja y jojoba, cuida e hidrata los labios.<br \/>\n\u2022 La manteca de karit\u00e9 es conocida por su textura suave y cremosa, adem\u00e1s proporciona un efecto calmante y relajante.<br \/>\n\u2022 Agradable sabor Vainilla Menta.<br \/>\n\u2022 Dermatol\u00f3gicamente testado para asegurar su eficacia y tolerancia en labios.<\/p>\n<p><a href=\"https:\/\/leurellas.com\/wp-content\/uploads\/2023\/08\/bin.png\"><img fetchpriority=\"high\" decoding=\"async\" class=\"alignnone size-medium wp-image-6333\" src=\"https:\/\/leurellas.com\/wp-content\/uploads\/2023\/08\/bin-333x333.png\" alt=\"\" width=\"333\" height=\"333\" \/><\/a><\/p>\n<p>&nbsp;<\/p>\n","protected":false},"excerpt":{"rendered":"<h3><strong>Hidratante De Labios Blistex<\/strong><\/h3>\n<p>B\u00e1lsamo hidratante formulado en base a ingredientes naturales como el aceite de semilla de c\u00e1\u00f1amo y manteca de karit\u00e9.<\/p>\n<p>&nbsp;<\/p>\n","protected":false},"featured_media":6442,"comment_status":"open","ping_status":"closed","template":"","meta":[],"pwb-brand":[112],"product_cat":[119],"product_tag":[],"brands":[{"id":112,"name":"Blistex","slug":"blistex"}],"_links":{"self":[{"href":"https:\/\/leurellas.com\/index.php\/wp-json\/wp\/v2\/product\/6331"}],"collection":[{"href":"https:\/\/leurellas.com\/index.php\/wp-json\/wp\/v2\/product"}],"about":[{"href":"https:\/\/leurellas.com\/index.php\/wp-json\/wp\/v2\/types\/product"}],"replies":[{"embeddable":true,"href":"https:\/\/leurellas.com\/index.php\/wp-json\/wp\/v2\/comments?post=6331"}],"wp:featuredmedia":[{"embeddable":true,"href":"https:\/\/leurellas.com\/index.php\/wp-json\/wp\/v2\/media\/6442"}],"wp:attachment":[{"href":"https:\/\/leurellas.com\/index.php\/wp-json\/wp\/v2\/media?parent=6331"}],"wp:term":[{"taxonomy":"pwb-brand","embeddable":true,"href":"https:\/\/leurellas.com\/index.php\/wp-json\/wp\/v2\/pwb-brand?post=6331"},{"taxonomy":"product_cat","embeddable":true,"href":"https:\/\/leurellas.com\/index.php\/wp-json\/wp\/v2\/product_cat?post=6331"},{"taxonomy":"product_tag","embeddable":true,"href":"https:\/\/leurellas.com\/index.php\/wp-json\/wp\/v2\/product_tag?post=6331"}],"curies":[{"name":"wp","href":"https:\/\/api.w.org\/{rel}","templated":true}]}}