{"id":6321,"date":"2023-08-22T00:06:07","date_gmt":"2023-08-22T00:06:07","guid":{"rendered":"https:\/\/leurellas.com\/?post_type=product&#038;p=6321"},"modified":"2023-08-23T23:47:19","modified_gmt":"2023-08-23T23:47:19","slug":"iluminador-wet-n-wild","status":"publish","type":"product","link":"https:\/\/leurellas.com\/index.php\/product\/iluminador-wet-n-wild\/","title":{"rendered":"Iluminador Wet N Wild"},"content":{"rendered":"<h3><strong>Iluminador Wet N Wild<\/strong><\/h3>\n<p>Brilla y brilla en todos los lugares correctos con la misma f\u00f3rmula que nuestro imprescindible MegaGlo Highlight Powder. \u00a1De vuelta por demanda popular, nuestro polvo de resaltado # 1 est\u00e1 aqu\u00ed para quedarse! \u00a1Su acabado ultra nacarado y su f\u00f3rmula f\u00e1cil de mezclar lo convierten en un favorito de los fan\u00e1ticos! El polvo suave y sedoso y altamente pigmentado da un brillo total cuando se aplica a los p\u00f3mulos, el hueso de la ceja y el arco de cupido.<\/p>\n<p><a href=\"https:\/\/leurellas.com\/wp-content\/uploads\/2023\/08\/Wet-n-Wild-logo-removebg-preview.png\"><img fetchpriority=\"high\" decoding=\"async\" class=\"alignnone size-medium wp-image-6310\" src=\"https:\/\/leurellas.com\/wp-content\/uploads\/2023\/08\/Wet-n-Wild-logo-removebg-preview-555x313.png\" alt=\"\" width=\"555\" height=\"313\" \/><\/a><\/p>\n","protected":false},"excerpt":{"rendered":"<h3><strong>Iluminador Wet N Wild<\/strong><\/h3>\n<p>El polvo suave y sedoso y altamente pigmentado da un brillo total cuando se aplica a los p\u00f3mulos, el hueso de la ceja y el arco de cupido.<\/p>\n<p>&nbsp;<\/p>\n","protected":false},"featured_media":6324,"comment_status":"open","ping_status":"closed","template":"","meta":[],"pwb-brand":[111],"product_cat":[15,117],"product_tag":[],"brands":[{"id":111,"name":"Wet N Wild","slug":"wet-n-wild"}],"_links":{"self":[{"href":"https:\/\/leurellas.com\/index.php\/wp-json\/wp\/v2\/product\/6321"}],"collection":[{"href":"https:\/\/leurellas.com\/index.php\/wp-json\/wp\/v2\/product"}],"about":[{"href":"https:\/\/leurellas.com\/index.php\/wp-json\/wp\/v2\/types\/product"}],"replies":[{"embeddable":true,"href":"https:\/\/leurellas.com\/index.php\/wp-json\/wp\/v2\/comments?post=6321"}],"wp:featuredmedia":[{"embeddable":true,"href":"https:\/\/leurellas.com\/index.php\/wp-json\/wp\/v2\/media\/6324"}],"wp:attachment":[{"href":"https:\/\/leurellas.com\/index.php\/wp-json\/wp\/v2\/media?parent=6321"}],"wp:term":[{"taxonomy":"pwb-brand","embeddable":true,"href":"https:\/\/leurellas.com\/index.php\/wp-json\/wp\/v2\/pwb-brand?post=6321"},{"taxonomy":"product_cat","embeddable":true,"href":"https:\/\/leurellas.com\/index.php\/wp-json\/wp\/v2\/product_cat?post=6321"},{"taxonomy":"product_tag","embeddable":true,"href":"https:\/\/leurellas.com\/index.php\/wp-json\/wp\/v2\/product_tag?post=6321"}],"curies":[{"name":"wp","href":"https:\/\/api.w.org\/{rel}","templated":true}]}}