{"id":6305,"date":"2023-08-21T22:55:40","date_gmt":"2023-08-21T22:55:40","guid":{"rendered":"https:\/\/leurellas.com\/?post_type=product&#038;p=6305"},"modified":"2023-08-23T23:23:49","modified_gmt":"2023-08-23T23:23:49","slug":"pegamento-de-pestana-grande-ardel","status":"publish","type":"product","link":"https:\/\/leurellas.com\/index.php\/product\/pegamento-de-pestana-grande-ardel\/","title":{"rendered":"Pegamento De Pesta\u00f1a Grande Ardel"},"content":{"rendered":"<h3><strong>Pegamento De Pesta\u00f1a Grande Ardel<\/strong><\/h3>\n<p>Pegamento para pesta\u00f1as color negro. Brinda m\u00e1s naturalidad al momento de fijarlas en el rostro. Es un pegamento de fijaci\u00f3n suave que permitir\u00e1 ajustar las pesta\u00f1as postizas delicadamente.<\/p>\n<p><a href=\"https:\/\/leurellas.com\/wp-content\/uploads\/2023\/08\/Ardell-Logo-removebg-preview.png\"><img fetchpriority=\"high\" decoding=\"async\" class=\"alignnone size-medium wp-image-6304\" src=\"https:\/\/leurellas.com\/wp-content\/uploads\/2023\/08\/Ardell-Logo-removebg-preview-431x333.png\" alt=\"\" width=\"431\" height=\"333\" \/><\/a><\/p>\n","protected":false},"excerpt":{"rendered":"<h3><strong>Pegamento De Pesta\u00f1a Grande Ardel<\/strong><\/h3>\n<p>Pegamento para pesta\u00f1as color negro. Brinda m\u00e1s naturalidad al momento de fijarlas en el rostro. Es un pegamento de fijaci\u00f3n suave que permitir\u00e1 ajustar las pesta\u00f1as postizas delicadamente.<\/p>\n<p>&nbsp;<\/p>\n","protected":false},"featured_media":6306,"comment_status":"open","ping_status":"closed","template":"","meta":[],"pwb-brand":[108],"product_cat":[15],"product_tag":[],"brands":[{"id":108,"name":"Ardell","slug":"ardell"}],"_links":{"self":[{"href":"https:\/\/leurellas.com\/index.php\/wp-json\/wp\/v2\/product\/6305"}],"collection":[{"href":"https:\/\/leurellas.com\/index.php\/wp-json\/wp\/v2\/product"}],"about":[{"href":"https:\/\/leurellas.com\/index.php\/wp-json\/wp\/v2\/types\/product"}],"replies":[{"embeddable":true,"href":"https:\/\/leurellas.com\/index.php\/wp-json\/wp\/v2\/comments?post=6305"}],"wp:featuredmedia":[{"embeddable":true,"href":"https:\/\/leurellas.com\/index.php\/wp-json\/wp\/v2\/media\/6306"}],"wp:attachment":[{"href":"https:\/\/leurellas.com\/index.php\/wp-json\/wp\/v2\/media?parent=6305"}],"wp:term":[{"taxonomy":"pwb-brand","embeddable":true,"href":"https:\/\/leurellas.com\/index.php\/wp-json\/wp\/v2\/pwb-brand?post=6305"},{"taxonomy":"product_cat","embeddable":true,"href":"https:\/\/leurellas.com\/index.php\/wp-json\/wp\/v2\/product_cat?post=6305"},{"taxonomy":"product_tag","embeddable":true,"href":"https:\/\/leurellas.com\/index.php\/wp-json\/wp\/v2\/product_tag?post=6305"}],"curies":[{"name":"wp","href":"https:\/\/api.w.org\/{rel}","templated":true}]}}