{"id":6272,"date":"2023-08-21T17:51:52","date_gmt":"2023-08-21T17:51:52","guid":{"rendered":"https:\/\/leurellas.com\/?post_type=product&#038;p=6272"},"modified":"2023-08-26T14:40:52","modified_gmt":"2023-08-26T14:40:52","slug":"lubricante-vagy","status":"publish","type":"product","link":"https:\/\/leurellas.com\/index.php\/product\/lubricante-vagy\/","title":{"rendered":"Lubricante Vagy"},"content":{"rendered":"<h3><strong>Lubricante Vagy<\/strong><\/h3>\n<p>Lubricante \u00edntimo formulado con ingredientes de la m\u00e1s alta calidad, incoloro, sin sabor, hipo alerg\u00e9nico, de larga duraci\u00f3n y compatibles con juguetes y preservativos.<br \/>\nSus beneficios son:<\/p>\n<p>Estimula la circulaci\u00f3n para potenciar el placer durante las relaciones sexuales, evita la sequedad vaginal, mantiene el equilibrio de la flora, aumenta el placer, aporta hidrataci\u00f3n y suavidad a las zonas \u00edntimas, apto para sexo vaginal, oral Y anal.<\/p>\n<p><a href=\"https:\/\/leurellas.com\/wp-content\/uploads\/2023\/08\/Vagy_R_new_logo_color_-_cropped_600x.png\"><img fetchpriority=\"high\" decoding=\"async\" class=\"alignnone size-medium wp-image-6273\" src=\"https:\/\/leurellas.com\/wp-content\/uploads\/2023\/08\/Vagy_R_new_logo_color_-_cropped_600x-555x191.png\" alt=\"\" width=\"555\" height=\"191\" \/><\/a><\/p>\n","protected":false},"excerpt":{"rendered":"<h4 class=\"custom-font product-description-header reviews-enabled\">LUBRILOVE<\/h4>\n<p>Estimula la circulaci\u00f3n para potenciar el placer durante las relaciones sexuales, evita la sequedad vaginal, mantiene el equilibrio de la flora, aumenta el placer, aporta hidrataci\u00f3n y suavidad a las zonas \u00edntimas, apto para sexo vaginal, oral Y anal.<\/p>\n<p>&nbsp;<\/p>\n<p>&nbsp;<\/p>\n","protected":false},"featured_media":6274,"comment_status":"open","ping_status":"closed","template":"","meta":[],"pwb-brand":[113],"product_cat":[15,120],"product_tag":[],"brands":[{"id":113,"name":"Vagy","slug":"vagy"}],"_links":{"self":[{"href":"https:\/\/leurellas.com\/index.php\/wp-json\/wp\/v2\/product\/6272"}],"collection":[{"href":"https:\/\/leurellas.com\/index.php\/wp-json\/wp\/v2\/product"}],"about":[{"href":"https:\/\/leurellas.com\/index.php\/wp-json\/wp\/v2\/types\/product"}],"replies":[{"embeddable":true,"href":"https:\/\/leurellas.com\/index.php\/wp-json\/wp\/v2\/comments?post=6272"}],"wp:featuredmedia":[{"embeddable":true,"href":"https:\/\/leurellas.com\/index.php\/wp-json\/wp\/v2\/media\/6274"}],"wp:attachment":[{"href":"https:\/\/leurellas.com\/index.php\/wp-json\/wp\/v2\/media?parent=6272"}],"wp:term":[{"taxonomy":"pwb-brand","embeddable":true,"href":"https:\/\/leurellas.com\/index.php\/wp-json\/wp\/v2\/pwb-brand?post=6272"},{"taxonomy":"product_cat","embeddable":true,"href":"https:\/\/leurellas.com\/index.php\/wp-json\/wp\/v2\/product_cat?post=6272"},{"taxonomy":"product_tag","embeddable":true,"href":"https:\/\/leurellas.com\/index.php\/wp-json\/wp\/v2\/product_tag?post=6272"}],"curies":[{"name":"wp","href":"https:\/\/api.w.org\/{rel}","templated":true}]}}