{"id":6270,"date":"2023-08-21T17:43:39","date_gmt":"2023-08-21T17:43:39","guid":{"rendered":"https:\/\/leurellas.com\/?post_type=product&#038;p=6270"},"modified":"2023-08-26T14:40:52","modified_gmt":"2023-08-26T14:40:52","slug":"jabon-intimo-vagy","status":"publish","type":"product","link":"https:\/\/leurellas.com\/index.php\/product\/jabon-intimo-vagy\/","title":{"rendered":"Jabon Intimo Vagy"},"content":{"rendered":"<h3><strong>Jabon Intimo Vagy<\/strong><\/h3>\n<p>VagyLactic jabon liquido : un jabon a base de \u00e1cido l\u00e1ctico para hombre y mujer. Su funci\u00f3n es mantener el PH y eliminar bacterias que causan el mal olor en los genitales. Contiene Acido l\u00e1ctico, Lavanda y sandia.<\/p>\n","protected":false},"excerpt":{"rendered":"<p>Jabon Intimo Vagy VagyLactic jabon liquido : un jabon a base de \u00e1cido l\u00e1ctico para hombre y mujer. Su funci\u00f3n es mantener el PH y eliminar bacterias que causan el [&hellip;]<\/p>\n","protected":false},"featured_media":6271,"comment_status":"open","ping_status":"closed","template":"","meta":[],"pwb-brand":[113],"product_cat":[15,120],"product_tag":[],"brands":[{"id":113,"name":"Vagy","slug":"vagy"}],"_links":{"self":[{"href":"https:\/\/leurellas.com\/index.php\/wp-json\/wp\/v2\/product\/6270"}],"collection":[{"href":"https:\/\/leurellas.com\/index.php\/wp-json\/wp\/v2\/product"}],"about":[{"href":"https:\/\/leurellas.com\/index.php\/wp-json\/wp\/v2\/types\/product"}],"replies":[{"embeddable":true,"href":"https:\/\/leurellas.com\/index.php\/wp-json\/wp\/v2\/comments?post=6270"}],"wp:featuredmedia":[{"embeddable":true,"href":"https:\/\/leurellas.com\/index.php\/wp-json\/wp\/v2\/media\/6271"}],"wp:attachment":[{"href":"https:\/\/leurellas.com\/index.php\/wp-json\/wp\/v2\/media?parent=6270"}],"wp:term":[{"taxonomy":"pwb-brand","embeddable":true,"href":"https:\/\/leurellas.com\/index.php\/wp-json\/wp\/v2\/pwb-brand?post=6270"},{"taxonomy":"product_cat","embeddable":true,"href":"https:\/\/leurellas.com\/index.php\/wp-json\/wp\/v2\/product_cat?post=6270"},{"taxonomy":"product_tag","embeddable":true,"href":"https:\/\/leurellas.com\/index.php\/wp-json\/wp\/v2\/product_tag?post=6270"}],"curies":[{"name":"wp","href":"https:\/\/api.w.org\/{rel}","templated":true}]}}