{"id":6263,"date":"2023-08-20T20:03:50","date_gmt":"2023-08-20T20:03:50","guid":{"rendered":"https:\/\/leurellas.com\/?post_type=product&#038;p=6263"},"modified":"2023-08-23T23:47:19","modified_gmt":"2023-08-23T23:47:19","slug":"primer-baby-skin-maybelline","status":"publish","type":"product","link":"https:\/\/leurellas.com\/index.php\/product\/primer-baby-skin-maybelline\/","title":{"rendered":"Primer Baby Skin Maybelline"},"content":{"rendered":"<h3><strong>Primer Baby Skin Maybelline<\/strong><\/h3>\n<p><strong>Baby Skin Instant Pore Eraser<\/strong> de <strong>Maybelline<\/strong> es un <strong>primer de maquillaje<\/strong> que ayuda a mantener hidratada la piel del rostro durante todo el d\u00eda. Es ideal para preparar la piel antes de aplicarle cualquier cosm\u00e9tico para lograr un maquillaje impecable y natural, pues no contiene pigmentos. Adem\u00e1s, brinda un <strong>acabado mate<\/strong>, ayuda a eliminar el brillo del rostro y deja la <strong>piel suave como beb\u00e9<\/strong><\/p>\n<p>&nbsp;<\/p>\n","protected":false},"excerpt":{"rendered":"<h3><strong>Primer Baby Skin Maybelline<\/strong><\/h3>\n<p><strong>Baby Skin Instant Pore Eraser<\/strong> de <strong>Maybelline<\/strong> es un <strong>primer de maquillaje<\/strong> que ayuda a mantener hidratada la piel del rostro durante todo el d\u00eda.<\/p>\n","protected":false},"featured_media":6264,"comment_status":"open","ping_status":"closed","template":"","meta":[],"pwb-brand":[105],"product_cat":[15,117],"product_tag":[],"brands":[{"id":105,"name":"Maybelline","slug":"maybelline"}],"_links":{"self":[{"href":"https:\/\/leurellas.com\/index.php\/wp-json\/wp\/v2\/product\/6263"}],"collection":[{"href":"https:\/\/leurellas.com\/index.php\/wp-json\/wp\/v2\/product"}],"about":[{"href":"https:\/\/leurellas.com\/index.php\/wp-json\/wp\/v2\/types\/product"}],"replies":[{"embeddable":true,"href":"https:\/\/leurellas.com\/index.php\/wp-json\/wp\/v2\/comments?post=6263"}],"wp:featuredmedia":[{"embeddable":true,"href":"https:\/\/leurellas.com\/index.php\/wp-json\/wp\/v2\/media\/6264"}],"wp:attachment":[{"href":"https:\/\/leurellas.com\/index.php\/wp-json\/wp\/v2\/media?parent=6263"}],"wp:term":[{"taxonomy":"pwb-brand","embeddable":true,"href":"https:\/\/leurellas.com\/index.php\/wp-json\/wp\/v2\/pwb-brand?post=6263"},{"taxonomy":"product_cat","embeddable":true,"href":"https:\/\/leurellas.com\/index.php\/wp-json\/wp\/v2\/product_cat?post=6263"},{"taxonomy":"product_tag","embeddable":true,"href":"https:\/\/leurellas.com\/index.php\/wp-json\/wp\/v2\/product_tag?post=6263"}],"curies":[{"name":"wp","href":"https:\/\/api.w.org\/{rel}","templated":true}]}}