{"id":6129,"date":"2023-08-13T22:11:20","date_gmt":"2023-08-13T22:11:20","guid":{"rendered":"https:\/\/leurellas.com\/?post_type=product&#038;p=6129"},"modified":"2023-08-23T23:30:09","modified_gmt":"2023-08-23T23:30:09","slug":"corrector-loreal-liquido","status":"publish","type":"product","link":"https:\/\/leurellas.com\/index.php\/product\/corrector-loreal-liquido\/","title":{"rendered":"Corrector L&#8217;Or\u00e9al Liquido"},"content":{"rendered":"<h3><\/h3>\n<h3 id=\"title\" class=\"a-size-large a-spacing-none\"><span id=\"productTitle\" class=\"a-size-large product-title-word-break\">L&#8217;oreal Paris Cosmetics &#8211; Corrector impermeable<\/span><\/h3>\n<p>Conoce Infallible More Than Concealer: nuestro corrector de alta cobertura y larga duraci\u00f3n 24hr. Logra un acabado natural y utiliza su aplicador extra grande para una m\u00e1xima cobertura. Su f\u00f3rmula es de f\u00e1cil aplicaci\u00f3n, impermeable y resistente al sudor tambi\u00e9n es resistente a transferencia y mantiene el color en tu piel por m\u00e1s horas. Ideal para todo tipo de piel: mixta, grasa, normal o seca.<\/p>\n","protected":false},"excerpt":{"rendered":"<h3 id=\"title\" class=\"a-size-large a-spacing-none\"><span id=\"productTitle\" class=\"a-size-large product-title-word-break\">L&#8217;oreal Paris Cosmetics &#8211; Corrector impermeable<\/span><\/h3>\n<table class=\"a-normal a-spacing-micro\">\n<tbody>\n<tr class=\"a-spacing-small po-item_form\">\n<td class=\"a-span3\"><span class=\"a-size-base a-text-bold\">Forma del art\u00edculo<\/span><\/td>\n<td class=\"a-span9\"><span class=\"a-size-base po-break-word\">Cream<\/span><\/td>\n<\/tr>\n<tr class=\"a-spacing-small po-color\">\n<td class=\"a-span3\"><span class=\"a-size-base a-text-bold\">Color<\/span><\/td>\n<td class=\"a-span9\"><span class=\"a-size-base po-break-word\">Cashmere<\/span><\/td>\n<\/tr>\n<tr class=\"a-spacing-small po-skin_type\">\n<td class=\"a-span3\"><span class=\"a-size-base a-text-bold\">Tipo de piel<\/span><\/td>\n<td class=\"a-span9\"><span class=\"a-size-base po-break-word\">Acne Prone<\/span><\/td>\n<\/tr>\n<tr class=\"a-spacing-small po-finish_type\">\n<td class=\"a-span3\"><span class=\"a-size-base a-text-bold\">Tipo de acabado<\/span><\/td>\n<td class=\"a-span9\"><span class=\"a-size-base po-break-word\">Matte<\/span><\/td>\n<\/tr>\n<tr class=\"a-spacing-small po-recommended_uses_for_product\">\n<td class=\"a-span3\"><span class=\"a-size-base a-text-bold\">Usos Recomendados Para Producto<\/span><\/td>\n<td class=\"a-span9\"><span class=\"a-size-base po-break-word\">Conceal skin imperfections<\/span><\/td>\n<\/tr>\n<\/tbody>\n<\/table>\n","protected":false},"featured_media":6142,"comment_status":"open","ping_status":"closed","template":"","meta":[],"pwb-brand":[115],"product_cat":[15],"product_tag":[],"brands":[{"id":115,"name":"L\u2019oreal","slug":"loreal"}],"_links":{"self":[{"href":"https:\/\/leurellas.com\/index.php\/wp-json\/wp\/v2\/product\/6129"}],"collection":[{"href":"https:\/\/leurellas.com\/index.php\/wp-json\/wp\/v2\/product"}],"about":[{"href":"https:\/\/leurellas.com\/index.php\/wp-json\/wp\/v2\/types\/product"}],"replies":[{"embeddable":true,"href":"https:\/\/leurellas.com\/index.php\/wp-json\/wp\/v2\/comments?post=6129"}],"wp:featuredmedia":[{"embeddable":true,"href":"https:\/\/leurellas.com\/index.php\/wp-json\/wp\/v2\/media\/6142"}],"wp:attachment":[{"href":"https:\/\/leurellas.com\/index.php\/wp-json\/wp\/v2\/media?parent=6129"}],"wp:term":[{"taxonomy":"pwb-brand","embeddable":true,"href":"https:\/\/leurellas.com\/index.php\/wp-json\/wp\/v2\/pwb-brand?post=6129"},{"taxonomy":"product_cat","embeddable":true,"href":"https:\/\/leurellas.com\/index.php\/wp-json\/wp\/v2\/product_cat?post=6129"},{"taxonomy":"product_tag","embeddable":true,"href":"https:\/\/leurellas.com\/index.php\/wp-json\/wp\/v2\/product_tag?post=6129"}],"curies":[{"name":"wp","href":"https:\/\/api.w.org\/{rel}","templated":true}]}}