{"id":6125,"date":"2023-08-13T21:59:44","date_gmt":"2023-08-13T21:59:44","guid":{"rendered":"https:\/\/leurellas.com\/?post_type=product&#038;p=6125"},"modified":"2023-09-21T18:59:08","modified_gmt":"2023-09-21T18:59:08","slug":"deliniador-felpa-loreal","status":"publish","type":"product","link":"https:\/\/leurellas.com\/index.php\/product\/deliniador-felpa-loreal\/","title":{"rendered":"Deliniador Felpa L&#8217;Or\u00e9al"},"content":{"rendered":"<h3><\/h3>\n<h3 id=\"title\" class=\"a-size-large a-spacing-none\"><span id=\"productTitle\" class=\"a-size-large product-title-word-break\">L&#8217;Or\u00e9al Paris Infallible Black Velvet Delineador de ojos l\u00edquido<\/span><\/h3>\n<p>L&#8217;Oral Paris presenta Black Velvet de Infallible. Nuestro primer delineador de ojos l\u00edquido de felpa de terciopelo para un aspecto de ojos atrevido en un solo trazo. Este delineador de ojos con punta de fieltro de terciopelo ofrece una suavidad suprema y una f\u00e1cil aplicaci\u00f3n. Una intensa f\u00f3rmula de delineador negro vibrante con un acabado satinado de terciopelo. \u2022 Delineador l\u00edquido de hasta 14 horas \u2022 Delineador de ojos con punta de fieltro de terciopelo de felpa \u2022 Delineador de ojos negro intenso y vibrante<\/p>\n","protected":false},"excerpt":{"rendered":"<h3 id=\"title\" class=\"a-size-large a-spacing-none\"><span id=\"productTitle\" class=\"a-size-large product-title-word-break\">L&#8217;Or\u00e9al Paris Infallible Black Velvet Delineador de ojos l\u00edquido<\/span><\/h3>\n<table class=\"a-normal a-spacing-micro\">\n<tbody>\n<tr class=\"a-spacing-small po-color\">\n<td class=\"a-span3\"><span class=\"a-size-base a-text-bold\">Color<\/span><\/td>\n<td class=\"a-span9\"><span class=\"a-size-base po-break-word\">Negro &#8211;<\/span><\/td>\n<\/tr>\n<tr class=\"a-spacing-small po-brand\">\n<td class=\"a-span3\"><span class=\"a-size-base a-text-bold\">Marca<\/span><\/td>\n<td class=\"a-span9\"><span class=\"a-size-base po-break-word\">L\u2019Or\u00e9al Paris<\/span><\/td>\n<\/tr>\n<tr class=\"a-spacing-small po-item_form\">\n<td class=\"a-span3\"><span class=\"a-size-base a-text-bold\">Forma del art\u00edculo<\/span><\/td>\n<td class=\"a-span9\"><span class=\"a-size-base po-break-word\">l\u00edquido<\/span><\/td>\n<\/tr>\n<tr class=\"a-spacing-small po-finish_type\">\n<td class=\"a-span3\"><span class=\"a-size-base a-text-bold\">Tipo de acabado<\/span><\/td>\n<td class=\"a-span9\"><span class=\"a-size-base po-break-word\">Sat\u00e9n, terciopelo<\/span><\/td>\n<\/tr>\n<tr class=\"a-spacing-small po-number_of_items\">\n<td class=\"a-span3\"><span class=\"a-size-base a-text-bold\">N\u00famero de art\u00edculos<\/span><\/td>\n<td class=\"a-span9\"><span class=\"a-size-base po-break-word\">1<\/span><\/td>\n<\/tr>\n<\/tbody>\n<\/table>\n","protected":false},"featured_media":6537,"comment_status":"open","ping_status":"closed","template":"","meta":[],"pwb-brand":[115],"product_cat":[15],"product_tag":[],"brands":[{"id":115,"name":"L\u2019oreal","slug":"loreal"}],"_links":{"self":[{"href":"https:\/\/leurellas.com\/index.php\/wp-json\/wp\/v2\/product\/6125"}],"collection":[{"href":"https:\/\/leurellas.com\/index.php\/wp-json\/wp\/v2\/product"}],"about":[{"href":"https:\/\/leurellas.com\/index.php\/wp-json\/wp\/v2\/types\/product"}],"replies":[{"embeddable":true,"href":"https:\/\/leurellas.com\/index.php\/wp-json\/wp\/v2\/comments?post=6125"}],"wp:featuredmedia":[{"embeddable":true,"href":"https:\/\/leurellas.com\/index.php\/wp-json\/wp\/v2\/media\/6537"}],"wp:attachment":[{"href":"https:\/\/leurellas.com\/index.php\/wp-json\/wp\/v2\/media?parent=6125"}],"wp:term":[{"taxonomy":"pwb-brand","embeddable":true,"href":"https:\/\/leurellas.com\/index.php\/wp-json\/wp\/v2\/pwb-brand?post=6125"},{"taxonomy":"product_cat","embeddable":true,"href":"https:\/\/leurellas.com\/index.php\/wp-json\/wp\/v2\/product_cat?post=6125"},{"taxonomy":"product_tag","embeddable":true,"href":"https:\/\/leurellas.com\/index.php\/wp-json\/wp\/v2\/product_tag?post=6125"}],"curies":[{"name":"wp","href":"https:\/\/api.w.org\/{rel}","templated":true}]}}