{"id":6114,"date":"2023-08-13T18:41:34","date_gmt":"2023-08-13T18:41:34","guid":{"rendered":"https:\/\/leurellas.com\/?post_type=product&#038;p=6114"},"modified":"2023-08-23T23:30:09","modified_gmt":"2023-08-23T23:30:09","slug":"loreal-pro-matte","status":"publish","type":"product","link":"https:\/\/leurellas.com\/index.php\/product\/loreal-pro-matte\/","title":{"rendered":"L&#8217;Or\u00e9al Pro-Matte"},"content":{"rendered":"<h3><\/h3>\n<h3><strong>L&#8217;Or\u00e9al Pro-Matte<\/strong><\/h3>\n<p>Infallible Pro-Matte es una base de larga duraci\u00f3n y acabado Matte, ideal para pieles normales a grasas. Hasta 24h sin brillos ni imperfecci\u00f3nes. Infallible Matte tiene 2 tecnolog\u00edas in\u00e9ditas: Tecnolog\u00eda Perlita de alta absorci\u00f3n y Tecnolog\u00eda Protectora del color. La perlita act\u00faa como micro esponjas absorbentes, captura agua y aceite y los absorbe. Los pol\u00edmeros act\u00faan como paraguas, protegiendo los pigmentos para mantener la integridad del color.<\/p>\n<p><a href=\"https:\/\/leurellas.com\/wp-content\/uploads\/2023\/08\/d9eca25b-415f-42ac-9f53-10428df3d9ba.__CR001464600_PT0_SX1464_V1___.jpg\"><img fetchpriority=\"high\" decoding=\"async\" class=\"alignnone size-medium wp-image-6120\" src=\"https:\/\/leurellas.com\/wp-content\/uploads\/2023\/08\/d9eca25b-415f-42ac-9f53-10428df3d9ba.__CR001464600_PT0_SX1464_V1___-555x227.jpg\" alt=\"\" width=\"555\" height=\"227\" \/><\/a><\/p>\n","protected":false},"excerpt":{"rendered":"<h3><strong>L&#8217;Or\u00e9al Pro-Matte<\/strong><\/h3>\n<p>Logre un acabado mate que no se caiga plano con esta f\u00f3rmula l\u00edquida ligera y duradera. Ligera y cremosa, la base contin\u00faa suave con un acabado semimate que dura hasta 24 horas, ocultando imperfecciones para una tez suave y clara.<\/p>\n<p>&nbsp;<\/p>\n","protected":false},"featured_media":6123,"comment_status":"open","ping_status":"closed","template":"","meta":[],"pwb-brand":[115],"product_cat":[15],"product_tag":[],"brands":[{"id":115,"name":"L\u2019oreal","slug":"loreal"}],"_links":{"self":[{"href":"https:\/\/leurellas.com\/index.php\/wp-json\/wp\/v2\/product\/6114"}],"collection":[{"href":"https:\/\/leurellas.com\/index.php\/wp-json\/wp\/v2\/product"}],"about":[{"href":"https:\/\/leurellas.com\/index.php\/wp-json\/wp\/v2\/types\/product"}],"replies":[{"embeddable":true,"href":"https:\/\/leurellas.com\/index.php\/wp-json\/wp\/v2\/comments?post=6114"}],"wp:featuredmedia":[{"embeddable":true,"href":"https:\/\/leurellas.com\/index.php\/wp-json\/wp\/v2\/media\/6123"}],"wp:attachment":[{"href":"https:\/\/leurellas.com\/index.php\/wp-json\/wp\/v2\/media?parent=6114"}],"wp:term":[{"taxonomy":"pwb-brand","embeddable":true,"href":"https:\/\/leurellas.com\/index.php\/wp-json\/wp\/v2\/pwb-brand?post=6114"},{"taxonomy":"product_cat","embeddable":true,"href":"https:\/\/leurellas.com\/index.php\/wp-json\/wp\/v2\/product_cat?post=6114"},{"taxonomy":"product_tag","embeddable":true,"href":"https:\/\/leurellas.com\/index.php\/wp-json\/wp\/v2\/product_tag?post=6114"}],"curies":[{"name":"wp","href":"https:\/\/api.w.org\/{rel}","templated":true}]}}