{"id":6107,"date":"2023-08-13T18:29:22","date_gmt":"2023-08-13T18:29:22","guid":{"rendered":"https:\/\/leurellas.com\/?post_type=product&#038;p=6107"},"modified":"2023-08-23T23:30:48","modified_gmt":"2023-08-23T23:30:48","slug":"primer-milani","status":"publish","type":"product","link":"https:\/\/leurellas.com\/index.php\/product\/primer-milani\/","title":{"rendered":"Primer Milani"},"content":{"rendered":"<div>\n<h3><\/h3>\n<h3 class=\"product-template__intro-title m3 d3\">NO PORE ZONE MATTIFYING PRIMER<\/h3>\n<p>\u00a1Conoce a tu mate en la Zona Sin Poro! La imprimaci\u00f3n mate ligera, ultraborrosa y que minimiza los poros se prepara perfectamente para una aplicaci\u00f3n de maquillaje impecable. La f\u00f3rmula sedosa nutre la piel con extractos de Lily + Bamboo.<\/p>\n<div class=\"product-template__details-badges\">\n<div class=\"badge-item\"><a href=\"https:\/\/leurellas.com\/wp-content\/uploads\/2023\/08\/p.png\"><img fetchpriority=\"high\" decoding=\"async\" class=\"alignnone size-medium wp-image-6098\" src=\"https:\/\/leurellas.com\/wp-content\/uploads\/2023\/08\/p-555x172.png\" alt=\"\" width=\"555\" height=\"172\" \/><\/a><\/div>\n<\/div>\n<\/div>\n<div class=\"product-template__intro-ratings secondary\">\n<div data-bv-show=\"rating_summary\" data-bv-productid=\"6030884470960\" data-bv-ready=\"true\">\n<div class=\"bv_main_container\"><\/div>\n<\/div>\n<\/div>\n","protected":false},"excerpt":{"rendered":"<h3 class=\"product-template__intro-title m3 d3\">NO PORE ZONE MATTIFYING PRIMER<\/h3>\n<p>\u00a1Conoce a tu mate en la Zona Sin Poro! La imprimaci\u00f3n mate ligera, ultraborrosa y que minimiza los poros se prepara perfectamente para una aplicaci\u00f3n de maquillaje impecable. La f\u00f3rmula sedosa nutre la piel con extractos de Lily + Bamboo.<\/p>\n","protected":false},"featured_media":6108,"comment_status":"open","ping_status":"closed","template":"","meta":[],"pwb-brand":[106],"product_cat":[15],"product_tag":[],"brands":[{"id":106,"name":"Milani","slug":"milani"}],"_links":{"self":[{"href":"https:\/\/leurellas.com\/index.php\/wp-json\/wp\/v2\/product\/6107"}],"collection":[{"href":"https:\/\/leurellas.com\/index.php\/wp-json\/wp\/v2\/product"}],"about":[{"href":"https:\/\/leurellas.com\/index.php\/wp-json\/wp\/v2\/types\/product"}],"replies":[{"embeddable":true,"href":"https:\/\/leurellas.com\/index.php\/wp-json\/wp\/v2\/comments?post=6107"}],"wp:featuredmedia":[{"embeddable":true,"href":"https:\/\/leurellas.com\/index.php\/wp-json\/wp\/v2\/media\/6108"}],"wp:attachment":[{"href":"https:\/\/leurellas.com\/index.php\/wp-json\/wp\/v2\/media?parent=6107"}],"wp:term":[{"taxonomy":"pwb-brand","embeddable":true,"href":"https:\/\/leurellas.com\/index.php\/wp-json\/wp\/v2\/pwb-brand?post=6107"},{"taxonomy":"product_cat","embeddable":true,"href":"https:\/\/leurellas.com\/index.php\/wp-json\/wp\/v2\/product_cat?post=6107"},{"taxonomy":"product_tag","embeddable":true,"href":"https:\/\/leurellas.com\/index.php\/wp-json\/wp\/v2\/product_tag?post=6107"}],"curies":[{"name":"wp","href":"https:\/\/api.w.org\/{rel}","templated":true}]}}