{"id":6100,"date":"2023-08-13T18:23:29","date_gmt":"2023-08-13T18:23:29","guid":{"rendered":"https:\/\/leurellas.com\/?post_type=product&#038;p=6100"},"modified":"2023-08-23T23:30:48","modified_gmt":"2023-08-23T23:30:48","slug":"setting-spray-milani","status":"publish","type":"product","link":"https:\/\/leurellas.com\/index.php\/product\/setting-spray-milani\/","title":{"rendered":"Setting Spray Milani"},"content":{"rendered":"<h3><\/h3>\n<h3><strong>Setting Spray Milani &#8211; MAKE IT LAST MATTE CHARCOAL<\/strong><\/h3>\n<p>\u00a1Haz de tu cara una zona sin aceite! Nuestro Make it Last Charcoal Matte Setting Spray es un casillero de aspecto real, y tiene ingredientes poderosos para potenciar su rutina de cuidado de la piel. Despu\u00e9s de haber hecho que tu maquillaje sea magn\u00e9tico, congela tu rostro durante horas con un acabado mate glamoroso. Este brillante spray absorbente de aceite cuenta con polvo de carb\u00f3n microfino y s\u00edlice para establecer el maquillaje y reducir la apariencia de los poros. Este es el spray de ajuste definitivo para la piel grasa, y le dar\u00e1 a su maquillaje hasta 16 horas de ambiente reci\u00e9n aplicado. Contiene Evermat y Honey Matte para que su piel se vea pr\u00e1cticamente sin poros con un acabado brillante y en polvo. Este spray de acabado mate de f\u00f3rmula\u00a0<span class=\"ui-provider fz b c d e f g h i j k l m n o p q r s t u v w x y z ab ac ae af ag ah ai aj ak\" dir=\"ltr\">matificante<\/span>\u00a0es como un spray de ajuste y papel secante enrollado en uno. Milani Make it Last Charcoal Matte Setting Spray es un ambientador de estilo para declaraciones llamativas.<\/p>\n<div class=\"product-template__details-badges\">\n<div class=\"badge-item\"><a href=\"https:\/\/leurellas.com\/wp-content\/uploads\/2023\/08\/p.png\"><img fetchpriority=\"high\" decoding=\"async\" class=\"alignnone size-medium wp-image-6098\" src=\"https:\/\/leurellas.com\/wp-content\/uploads\/2023\/08\/p-555x172.png\" alt=\"\" width=\"555\" height=\"172\" \/><\/a><\/div>\n<\/div>\n","protected":false},"excerpt":{"rendered":"<h3><strong>Setting Spray Milani &#8211; MAKE IT LAST MATTE CHARCOAL<\/strong><\/h3>\n<p>\u00a1Haz de tu cara una zona sin aceite! Nuestro Make it Last Charcoal Matte Setting Spray es un casillero de aspecto real, y tiene ingredientes poderosos para potenciar su rutina de cuidado de la piel.<\/p>\n","protected":false},"featured_media":6102,"comment_status":"open","ping_status":"closed","template":"","meta":[],"pwb-brand":[106],"product_cat":[15],"product_tag":[],"brands":[{"id":106,"name":"Milani","slug":"milani"}],"_links":{"self":[{"href":"https:\/\/leurellas.com\/index.php\/wp-json\/wp\/v2\/product\/6100"}],"collection":[{"href":"https:\/\/leurellas.com\/index.php\/wp-json\/wp\/v2\/product"}],"about":[{"href":"https:\/\/leurellas.com\/index.php\/wp-json\/wp\/v2\/types\/product"}],"replies":[{"embeddable":true,"href":"https:\/\/leurellas.com\/index.php\/wp-json\/wp\/v2\/comments?post=6100"}],"wp:featuredmedia":[{"embeddable":true,"href":"https:\/\/leurellas.com\/index.php\/wp-json\/wp\/v2\/media\/6102"}],"wp:attachment":[{"href":"https:\/\/leurellas.com\/index.php\/wp-json\/wp\/v2\/media?parent=6100"}],"wp:term":[{"taxonomy":"pwb-brand","embeddable":true,"href":"https:\/\/leurellas.com\/index.php\/wp-json\/wp\/v2\/pwb-brand?post=6100"},{"taxonomy":"product_cat","embeddable":true,"href":"https:\/\/leurellas.com\/index.php\/wp-json\/wp\/v2\/product_cat?post=6100"},{"taxonomy":"product_tag","embeddable":true,"href":"https:\/\/leurellas.com\/index.php\/wp-json\/wp\/v2\/product_tag?post=6100"}],"curies":[{"name":"wp","href":"https:\/\/api.w.org\/{rel}","templated":true}]}}