{"id":6090,"date":"2023-08-13T18:09:56","date_gmt":"2023-08-13T18:09:56","guid":{"rendered":"https:\/\/leurellas.com\/?post_type=product&#038;p=6090"},"modified":"2023-08-26T14:51:56","modified_gmt":"2023-08-26T14:51:56","slug":"gloss-milani-diamond-gloss","status":"publish","type":"product","link":"https:\/\/leurellas.com\/index.php\/product\/gloss-milani-diamond-gloss\/","title":{"rendered":"Gloss Milani &#8211; Diamond Gloss"},"content":{"rendered":"<h3><\/h3>\n<h3><strong>Diamond Gloss<\/strong><\/h3>\n<p>Diamond Gloss acaba de recibir una pizca * extra * de brillo \u2013 presentando Highly Rated Diamond Shimmer Gloss, un brillo labial ultra claro con brillo met\u00e1lico y brillo brillante y cegador. La f\u00f3rmula no pegajosa y de alta comodidad se desliza a la perfecci\u00f3n para un acabado brillante similar a un diamante con el m\u00e1ximo brillo y brillo. El aplicador de pie de ciervo de gran tama\u00f1o permite una aplicaci\u00f3n f\u00e1cil y sin problemas. Dise\u00f1ado para usarse solo para un aspecto brillante y brillante o sobre su color de labios favorito para un toque de brillo alto.<\/p>\n<div class=\"product-template__details-badges\">\n<div class=\"badge-item\"><a href=\"https:\/\/leurellas.com\/wp-content\/uploads\/2023\/08\/4_HighlyRatedDiamond_ShimmerGloss_Halloween2022_200_GOLD_PDP_Swatch_grande.webp\"><img fetchpriority=\"high\" decoding=\"async\" class=\"alignnone size-medium wp-image-6097\" src=\"https:\/\/leurellas.com\/wp-content\/uploads\/2023\/08\/4_HighlyRatedDiamond_ShimmerGloss_Halloween2022_200_GOLD_PDP_Swatch_grande-333x333.webp\" alt=\"\" width=\"333\" height=\"333\" \/><\/a><\/div>\n<div><a href=\"https:\/\/leurellas.com\/wp-content\/uploads\/2023\/08\/p.png\"><img decoding=\"async\" class=\"alignnone size-medium wp-image-6098\" src=\"https:\/\/leurellas.com\/wp-content\/uploads\/2023\/08\/p-555x172.png\" alt=\"\" width=\"555\" height=\"172\" \/><\/a><\/div>\n<\/div>\n","protected":false},"excerpt":{"rendered":"<h3><strong>Diamond Gloss<\/strong><\/h3>\n<p>Diamond Gloss acaba de recibir una pizca * extra * de brillo \u2013 presentando Highly Rated Diamond Shimmer Gloss, un brillo labial ultra claro con brillo met\u00e1lico y brillo brillante y cegador.<\/p>\n","protected":false},"featured_media":6091,"comment_status":"open","ping_status":"closed","template":"","meta":[],"pwb-brand":[106],"product_cat":[119],"product_tag":[],"brands":[{"id":106,"name":"Milani","slug":"milani"}],"_links":{"self":[{"href":"https:\/\/leurellas.com\/index.php\/wp-json\/wp\/v2\/product\/6090"}],"collection":[{"href":"https:\/\/leurellas.com\/index.php\/wp-json\/wp\/v2\/product"}],"about":[{"href":"https:\/\/leurellas.com\/index.php\/wp-json\/wp\/v2\/types\/product"}],"replies":[{"embeddable":true,"href":"https:\/\/leurellas.com\/index.php\/wp-json\/wp\/v2\/comments?post=6090"}],"wp:featuredmedia":[{"embeddable":true,"href":"https:\/\/leurellas.com\/index.php\/wp-json\/wp\/v2\/media\/6091"}],"wp:attachment":[{"href":"https:\/\/leurellas.com\/index.php\/wp-json\/wp\/v2\/media?parent=6090"}],"wp:term":[{"taxonomy":"pwb-brand","embeddable":true,"href":"https:\/\/leurellas.com\/index.php\/wp-json\/wp\/v2\/pwb-brand?post=6090"},{"taxonomy":"product_cat","embeddable":true,"href":"https:\/\/leurellas.com\/index.php\/wp-json\/wp\/v2\/product_cat?post=6090"},{"taxonomy":"product_tag","embeddable":true,"href":"https:\/\/leurellas.com\/index.php\/wp-json\/wp\/v2\/product_tag?post=6090"}],"curies":[{"name":"wp","href":"https:\/\/api.w.org\/{rel}","templated":true}]}}