{"id":6084,"date":"2023-08-13T18:00:25","date_gmt":"2023-08-13T18:00:25","guid":{"rendered":"https:\/\/leurellas.com\/?post_type=product&#038;p=6084"},"modified":"2023-08-23T23:30:48","modified_gmt":"2023-08-23T23:30:48","slug":"lapiz-de-ojo-milani","status":"publish","type":"product","link":"https:\/\/leurellas.com\/index.php\/product\/lapiz-de-ojo-milani\/","title":{"rendered":"Lapiz De Ojo Milani"},"content":{"rendered":"<h3><\/h3>\n<h3><strong>Lapiz De Ojo Milani Stay Put<\/strong><\/h3>\n<div class=\"dtl-cont-info\">\n<p>\u00a1Objetivos Stay Put! Hay una raz\u00f3n por la que nuestro delineador de ojos de larga duraci\u00f3n es un \u00e9xito de ventas. (\u00a1Ese poder de permanencia, sin embargo!) Milani Stay Put Eyeliner es maravillosamente impermeable y resistente al sudor, por lo que puede darse un chapuz\u00f3n y su delineador no se detendr\u00e1. Es a prueba de piscinas, charcos y llantos, por lo que disfrutar\u00e1 del color el\u00e9ctrico sin importar lo que haga. Este l\u00e1piz delineador de ojos todo en uno cuenta con un sacapuntas incorporado para mantener su punta en la mejor forma, adem\u00e1s de una herramienta de manchasis para una mayor versatilidad. Fum\u00edmalo o p\u00f3ngalo para el d\u00eda o la oscuridad: la elecci\u00f3n es suya con este delineador de ojos de larga duraci\u00f3n. Colorea dentro de las l\u00edneas o difumina una declaraci\u00f3n; Opta por l\u00edneas borrosas o formas n\u00edtidas, no juzgaremos. Pruebe su delineador de ojos a prueba de vida: este mejor delineador de ojos de farmacia va a donde quiera y a ning\u00fan lugar que no lo haga.<\/p>\n<\/div>\n","protected":false},"excerpt":{"rendered":"<h3><strong>Lapiz De Ojo Milani Stay Put<\/strong><\/h3>\n<table class=\"a-normal a-spacing-micro\">\n<tbody>\n<tr class=\"a-spacing-small po-color\">\n<td class=\"a-span3\"><span class=\"a-size-base a-text-bold\">Color<\/span><\/td>\n<td class=\"a-span9\"><span class=\"a-size-base po-break-word\">Silver Foxy<\/span><\/td>\n<\/tr>\n<tr class=\"a-spacing-small po-brand\">\n<td class=\"a-span3\"><span class=\"a-size-base a-text-bold\">Marca<\/span><\/td>\n<td class=\"a-span9\"><span class=\"a-size-base po-break-word\">Milani<\/span><\/td>\n<\/tr>\n<tr class=\"a-spacing-small po-item_form\">\n<td class=\"a-span3\"><span class=\"a-size-base a-text-bold\">Forma del art\u00edculo<\/span><\/td>\n<td class=\"a-span9\"><span class=\"a-size-base po-break-word\">L\u00e1piz<\/span><\/td>\n<\/tr>\n<tr class=\"a-spacing-small po-special_feature\">\n<td class=\"a-span3\"><span class=\"a-size-base a-text-bold\">Caracter\u00edsticas especiales<\/span><\/td>\n<td class=\"a-span9\"><span class=\"a-size-base po-break-word\">Impermeable<\/span><\/td>\n<\/tr>\n<tr class=\"a-spacing-small po-product_benefit\">\n<td class=\"a-span3\"><span class=\"a-size-base a-text-bold\">Beneficios del producto<\/span><\/td>\n<td class=\"a-span9\"><span class=\"a-size-base po-break-word\">Impermeable<\/span><\/td>\n<\/tr>\n<\/tbody>\n<\/table>\n","protected":false},"featured_media":6085,"comment_status":"open","ping_status":"closed","template":"","meta":[],"pwb-brand":[106],"product_cat":[15],"product_tag":[],"brands":[{"id":106,"name":"Milani","slug":"milani"}],"_links":{"self":[{"href":"https:\/\/leurellas.com\/index.php\/wp-json\/wp\/v2\/product\/6084"}],"collection":[{"href":"https:\/\/leurellas.com\/index.php\/wp-json\/wp\/v2\/product"}],"about":[{"href":"https:\/\/leurellas.com\/index.php\/wp-json\/wp\/v2\/types\/product"}],"replies":[{"embeddable":true,"href":"https:\/\/leurellas.com\/index.php\/wp-json\/wp\/v2\/comments?post=6084"}],"wp:featuredmedia":[{"embeddable":true,"href":"https:\/\/leurellas.com\/index.php\/wp-json\/wp\/v2\/media\/6085"}],"wp:attachment":[{"href":"https:\/\/leurellas.com\/index.php\/wp-json\/wp\/v2\/media?parent=6084"}],"wp:term":[{"taxonomy":"pwb-brand","embeddable":true,"href":"https:\/\/leurellas.com\/index.php\/wp-json\/wp\/v2\/pwb-brand?post=6084"},{"taxonomy":"product_cat","embeddable":true,"href":"https:\/\/leurellas.com\/index.php\/wp-json\/wp\/v2\/product_cat?post=6084"},{"taxonomy":"product_tag","embeddable":true,"href":"https:\/\/leurellas.com\/index.php\/wp-json\/wp\/v2\/product_tag?post=6084"}],"curies":[{"name":"wp","href":"https:\/\/api.w.org\/{rel}","templated":true}]}}