{"id":6074,"date":"2023-08-13T17:43:39","date_gmt":"2023-08-13T17:43:39","guid":{"rendered":"https:\/\/leurellas.com\/?post_type=product&#038;p=6074"},"modified":"2023-08-23T23:30:49","modified_gmt":"2023-08-23T23:30:49","slug":"iluminador-milani-grande","status":"publish","type":"product","link":"https:\/\/leurellas.com\/index.php\/product\/iluminador-milani-grande\/","title":{"rendered":"Iluminador Milani Grande"},"content":{"rendered":"<h3><\/h3>\n<h3>Iluminador Milani Grande<\/h3>\n<p>\u00a1Sin embargo, ese resplandor! Horneado en baldosas de terracota italiana, el galardonado iluminador Baked de Milani toma en serio la intensidad del pigmento y la iluminaci\u00f3n al siguiente nivel. Hecha con polvos luminiscentes microfinos y multitonales, esta f\u00f3rmula suave y aterciopelada se mezcla y construye a la perfecci\u00f3n para que pueda llevar su aspecto desde el brillo natural hasta el whoa de alto impacto con solo deslizar un pincel.<\/p>\n","protected":false},"excerpt":{"rendered":"<p>El iluminador Baked de Milani toma en serio la intensidad del pigmento y la iluminaci\u00f3n al siguiente nivel. Elaborado con particulas luminiscentes microfinas y multitonales, esta f\u00f3rmula aterciopelada y suave se mezcla y se construye a la perfecci\u00f3n para que puedas cambiar tu apariencia de un brillo natural a un alto impacto con solo deslizar un pincel.<\/p>\n","protected":false},"featured_media":6076,"comment_status":"open","ping_status":"closed","template":"","meta":[],"pwb-brand":[106],"product_cat":[15],"product_tag":[],"brands":[{"id":106,"name":"Milani","slug":"milani"}],"_links":{"self":[{"href":"https:\/\/leurellas.com\/index.php\/wp-json\/wp\/v2\/product\/6074"}],"collection":[{"href":"https:\/\/leurellas.com\/index.php\/wp-json\/wp\/v2\/product"}],"about":[{"href":"https:\/\/leurellas.com\/index.php\/wp-json\/wp\/v2\/types\/product"}],"replies":[{"embeddable":true,"href":"https:\/\/leurellas.com\/index.php\/wp-json\/wp\/v2\/comments?post=6074"}],"wp:featuredmedia":[{"embeddable":true,"href":"https:\/\/leurellas.com\/index.php\/wp-json\/wp\/v2\/media\/6076"}],"wp:attachment":[{"href":"https:\/\/leurellas.com\/index.php\/wp-json\/wp\/v2\/media?parent=6074"}],"wp:term":[{"taxonomy":"pwb-brand","embeddable":true,"href":"https:\/\/leurellas.com\/index.php\/wp-json\/wp\/v2\/pwb-brand?post=6074"},{"taxonomy":"product_cat","embeddable":true,"href":"https:\/\/leurellas.com\/index.php\/wp-json\/wp\/v2\/product_cat?post=6074"},{"taxonomy":"product_tag","embeddable":true,"href":"https:\/\/leurellas.com\/index.php\/wp-json\/wp\/v2\/product_tag?post=6074"}],"curies":[{"name":"wp","href":"https:\/\/api.w.org\/{rel}","templated":true}]}}