{"id":6053,"date":"2023-08-12T21:11:32","date_gmt":"2023-08-12T21:11:32","guid":{"rendered":"https:\/\/leurellas.com\/?post_type=product&#038;p=6053"},"modified":"2023-08-23T23:30:49","modified_gmt":"2023-08-23T23:30:49","slug":"corrector-milani-liquido","status":"publish","type":"product","link":"https:\/\/leurellas.com\/index.php\/product\/corrector-milani-liquido\/","title":{"rendered":"Corrector Milani Liquido"},"content":{"rendered":"<div class=\"group w-full text-token-text-primary border-b border-black\/10 dark:border-gray-900\/50 bg-gray-50 dark:bg-[#444654]\">\n<div class=\"flex p-4 gap-4 text-base md:gap-6 md:max-w-2xl lg:max-w-[38rem] xl:max-w-3xl md:py-6 lg:px-0 m-auto\">\n<div class=\"relative flex w-[calc(100%-50px)] flex-col gap-1 md:gap-3 lg:w-[calc(100%-115px)]\">\n<div class=\"flex flex-grow flex-col gap-3\">\n<div class=\"min-h-[20px] flex flex-col items-start gap-3 overflow-x-auto whitespace-pre-wrap break-words\">\n<div class=\"markdown prose w-full break-words dark:prose-invert light\">\n<h3><\/h3>\n<h3>CONCEAL + PERFECT CORRECTOR DE LARGA DURACI\u00d3N<\/h3>\n<p>Cuando se trata de manchas, no te enojes, \u00a1desquita! Este corrector de cobertura completa disfraza la decoloraci\u00f3n, desde cansancio debajo de los ojos hasta granos enojados, hasta por 12 horas de uso. Ponga su mejor cara con nuestra f\u00f3rmula hidratante, con infusi\u00f3n de \u00e1cido hialur\u00f3nico y vitamina E que repone la humedad de su piel a medida que se mezcla a la perfecci\u00f3n. Elija uno de los 18 tonos resistentes al agua.<\/p>\n<section id=\"jvlzik-responsiveaccordiontabs\" class=\"product-template__details tabs\" role=\"tablist\" data-responsive-accordion-tabs=\"accordion large-tabs\" data-multi-expand=\"true\" data-allow-all-closed=\"true\" data-tabs=\"uv5ip7-tabs\">\n<div class=\"product-template__details-tab js-pdp-tab how-to-apply-it tabs-title is-active\" role=\"presentation\">\n<h3 class=\"m3 d3\">C\u00d3MO APLICARLO<\/h3>\n<\/div>\n<\/section>\n<div class=\"tabs-content\" data-tabs-content=\"jvlzik-responsiveaccordiontabs\">\n<div id=\"how-to-apply-it\" class=\"how-to-apply-it-content tabs-panel is-active\" role=\"tabpanel\" data-tab-content=\"\" aria-labelledby=\"how-to-apply-it-label\">\n<p>Use el aplicador de pie de ciervo de precisi\u00f3n para atacar \u00e1reas problem\u00e1ticas como c\u00edrculos debajo de los ojos y manchas. Aplique una peque\u00f1a cantidad de corrector l\u00edquido y mezcle hasta obtener un acabado sin arrugas con una esponja, un pincel o los dedos.<\/p>\n<p><a href=\"https:\/\/leurellas.com\/wp-content\/uploads\/2023\/08\/4_C_PLongWearConcealer_PDP_BA_MEDIUM_70e1b4a9-c51c-41b6-ba8e-69fdfc570404_grande.webp\"><img fetchpriority=\"high\" decoding=\"async\" class=\"alignnone wp-image-6059\" src=\"https:\/\/leurellas.com\/wp-content\/uploads\/2023\/08\/4_C_PLongWearConcealer_PDP_BA_MEDIUM_70e1b4a9-c51c-41b6-ba8e-69fdfc570404_grande-333x333.webp\" alt=\"\" width=\"285\" height=\"285\" \/> \u00a0\u00a0<\/a> <a href=\"https:\/\/leurellas.com\/wp-content\/uploads\/2023\/08\/4_C_PLongWearConcealer_PDP_BA_LIGHT_67434c0c-fe06-4201-a00f-560df9fefee0_grande.webp\"><img decoding=\"async\" class=\"alignnone wp-image-6060\" src=\"https:\/\/leurellas.com\/wp-content\/uploads\/2023\/08\/4_C_PLongWearConcealer_PDP_BA_LIGHT_67434c0c-fe06-4201-a00f-560df9fefee0_grande-333x333.webp\" alt=\"\" width=\"283\" height=\"283\" \/>\u00a0\u00a0\u00a0<\/a> <a href=\"https:\/\/leurellas.com\/wp-content\/uploads\/2023\/08\/4_C_PLongWearConcealer_PDP_BA_Deep_4fe0634b-7061-4fdd-aa9a-9aee2e81f549_grande.webp\"><img decoding=\"async\" class=\"alignnone wp-image-6061\" src=\"https:\/\/leurellas.com\/wp-content\/uploads\/2023\/08\/4_C_PLongWearConcealer_PDP_BA_Deep_4fe0634b-7061-4fdd-aa9a-9aee2e81f549_grande-333x333.webp\" alt=\"\" width=\"281\" height=\"281\" \/><\/a><\/p>\n<\/div>\n<\/div>\n<\/div>\n<\/div>\n<\/div>\n<\/div>\n<\/div>\n<\/div>\n","protected":false},"excerpt":{"rendered":"<h3>CONCEAL + PERFECT CORRECTOR DE LARGA DURACI\u00d3N<\/h3>\n<table class=\"a-normal a-spacing-micro\">\n<tbody>\n<tr class=\"a-spacing-small po-color\">\n<td class=\"a-span3\"><span class=\"a-size-base a-text-bold\">Color<\/span><\/td>\n<td class=\"a-span9\"><span class=\"a-size-base po-break-word\">Natural claro<\/span><\/td>\n<\/tr>\n<tr class=\"a-spacing-small po-skin_type\">\n<td class=\"a-span3\"><span class=\"a-size-base a-text-bold\">Tipo de piel<\/span><\/td>\n<td class=\"a-span9\"><span class=\"a-size-base po-break-word\">Propenso al acn\u00e9<\/span><\/td>\n<\/tr>\n<tr class=\"a-spacing-small po-finish_type\">\n<td class=\"a-span3\"><span class=\"a-size-base a-text-bold\">Tipo de acabado<\/span><\/td>\n<td class=\"a-span9\"><span class=\"a-size-base po-break-word\">Natural<\/span><\/td>\n<\/tr>\n<tr class=\"a-spacing-small po-recommended_uses_for_product\">\n<td class=\"a-span3\"><span class=\"a-size-base a-text-bold\">Usos Recomendados Para Producto<\/span><\/td>\n<td class=\"a-span9\"><span class=\"a-size-base po-break-word\">Face Makeup<\/span><\/td>\n<\/tr>\n<tr class=\"a-spacing-small po-material_type_free\">\n<td class=\"a-span3\"><span class=\"a-size-base a-text-bold\">Material libre de<\/span><\/td>\n<td class=\"a-span9\"><span class=\"a-size-base po-break-word\">cruelty free<\/span><\/td>\n<\/tr>\n<\/tbody>\n<\/table>\n","protected":false},"featured_media":6054,"comment_status":"open","ping_status":"closed","template":"","meta":[],"pwb-brand":[106],"product_cat":[15],"product_tag":[],"brands":[{"id":106,"name":"Milani","slug":"milani"}],"_links":{"self":[{"href":"https:\/\/leurellas.com\/index.php\/wp-json\/wp\/v2\/product\/6053"}],"collection":[{"href":"https:\/\/leurellas.com\/index.php\/wp-json\/wp\/v2\/product"}],"about":[{"href":"https:\/\/leurellas.com\/index.php\/wp-json\/wp\/v2\/types\/product"}],"replies":[{"embeddable":true,"href":"https:\/\/leurellas.com\/index.php\/wp-json\/wp\/v2\/comments?post=6053"}],"wp:featuredmedia":[{"embeddable":true,"href":"https:\/\/leurellas.com\/index.php\/wp-json\/wp\/v2\/media\/6054"}],"wp:attachment":[{"href":"https:\/\/leurellas.com\/index.php\/wp-json\/wp\/v2\/media?parent=6053"}],"wp:term":[{"taxonomy":"pwb-brand","embeddable":true,"href":"https:\/\/leurellas.com\/index.php\/wp-json\/wp\/v2\/pwb-brand?post=6053"},{"taxonomy":"product_cat","embeddable":true,"href":"https:\/\/leurellas.com\/index.php\/wp-json\/wp\/v2\/product_cat?post=6053"},{"taxonomy":"product_tag","embeddable":true,"href":"https:\/\/leurellas.com\/index.php\/wp-json\/wp\/v2\/product_tag?post=6053"}],"curies":[{"name":"wp","href":"https:\/\/api.w.org\/{rel}","templated":true}]}}