{"id":6044,"date":"2023-08-12T20:57:31","date_gmt":"2023-08-12T20:57:31","guid":{"rendered":"https:\/\/leurellas.com\/?post_type=product&#038;p=6044"},"modified":"2023-08-23T23:30:49","modified_gmt":"2023-08-23T23:30:49","slug":"corrector-milani-crema","status":"publish","type":"product","link":"https:\/\/leurellas.com\/index.php\/product\/corrector-milani-crema\/","title":{"rendered":"Corrector Milani Crema"},"content":{"rendered":"<div class=\"group w-full text-token-text-primary border-b border-black\/10 dark:border-gray-900\/50 bg-gray-50 dark:bg-[#444654]\">\n<div class=\"flex p-4 gap-4 text-base md:gap-6 md:max-w-2xl lg:max-w-[38rem] xl:max-w-3xl md:py-6 lg:px-0 m-auto\">\n<div class=\"relative flex w-[calc(100%-50px)] flex-col gap-1 md:gap-3 lg:w-[calc(100%-115px)]\">\n<div class=\"flex flex-grow flex-col gap-3\">\n<div class=\"min-h-[20px] flex flex-col items-start gap-3 overflow-x-auto whitespace-pre-wrap break-words\">\n<div class=\"markdown prose w-full break-words dark:prose-invert light\">\n<h3><\/h3>\n<h3>CONCEAL + PERFECT ACABADO SUAVE CREMA A POLVO<\/h3>\n<p>Mezcla y Destaca. La base en crema a polvo Milani Conceal + Perfect Smooth Finish ha vuelto y mejor que nunca. Este perfeccionador de tez imprescindible se desliza como una crema y se transforma m\u00e1gicamente en una base en polvo de cobertura total y construible, que difunde la luz y tiene un acabado suave mate listo para la c\u00e1mara. Elaborada con extractos de Lirio y Bamb\u00fa para controlar el aceite y el brillo hasta por 16 horas. La f\u00f3rmula de larga duraci\u00f3n es resistente al sudor y al agua, para mantener la piel impecable sin importar a d\u00f3nde te lleve el d\u00eda. Las vitaminas antioxidantes A y E, junto con el t\u00e9 verde, ayudan a proteger la piel. Disponible en una gama ampliada de 22 tonos para perfeccionar la piel.<\/p>\n<p><a href=\"https:\/\/leurellas.com\/wp-content\/uploads\/2023\/08\/4_Conceal_Perfect_CreamToPowder_PDP_BA-Quad_Medium_a96fd7b3-59fb-4143-9185-7b3cc55a1916_grande.webp\"><img fetchpriority=\"high\" decoding=\"async\" class=\"alignnone size-medium wp-image-6051\" src=\"https:\/\/leurellas.com\/wp-content\/uploads\/2023\/08\/4_Conceal_Perfect_CreamToPowder_PDP_BA-Quad_Medium_a96fd7b3-59fb-4143-9185-7b3cc55a1916_grande-333x333.webp\" alt=\"\" width=\"333\" height=\"333\" \/><\/a><a href=\"https:\/\/leurellas.com\/wp-content\/uploads\/2023\/08\/4_Conceal_Perfect_CreamToPowder_PDP_BA-Quad_Deep_ef0dbf44-52b6-4f87-b0d4-8c26919722d5_grande.webp\"><img decoding=\"async\" class=\"alignnone size-medium wp-image-6050\" src=\"https:\/\/leurellas.com\/wp-content\/uploads\/2023\/08\/4_Conceal_Perfect_CreamToPowder_PDP_BA-Quad_Deep_ef0dbf44-52b6-4f87-b0d4-8c26919722d5_grande-333x333.webp\" alt=\"\" width=\"333\" height=\"333\" \/><\/a><\/p>\n<h3><strong>C\u00d3MO APLICARLO<\/strong><\/h3>\n<p>Utiliza la esponja aplicadora incluida, una esponja de maquillaje o una brocha para base. Comienza frotando la herramienta de elecci\u00f3n en movimientos circulares para suavizar la superficie de la base. Recoge el producto con la herramienta y apl\u00edcalo. Para obtener los mejores resultados, comienza en el centro del rostro, dando toques y difuminando hacia afuera para construir la cobertura deseada.<\/p>\n<\/div>\n<\/div>\n<\/div>\n<\/div>\n<\/div>\n<\/div>\n","protected":false},"excerpt":{"rendered":"<h3>CONCEAL + PERFECT ACABADO SUAVE CREMA A POLVO<\/h3>\n<div id=\"productOverview_feature_div\" class=\"celwidget\" data-feature-name=\"productOverview\" data-csa-c-type=\"widget\" data-csa-c-content-id=\"productOverview\" data-csa-c-slot-id=\"productOverview_feature_div\" data-csa-c-asin=\"B08358QHBJ\" data-csa-c-is-in-initial-active-row=\"false\" data-csa-c-id=\"wyfpfz-94roqe-rrvxwm-39py01\" data-cel-widget=\"productOverview_feature_div\">\n<div class=\"a-section a-spacing-small a-spacing-top-small\">\n<table class=\"a-normal a-spacing-micro\">\n<tbody>\n<tr class=\"a-spacing-small po-color\">\n<td class=\"a-span3\"><span class=\"a-size-base a-text-bold\">Color<\/span><\/td>\n<td class=\"a-span9\"><span class=\"a-size-base po-break-word\">Bronceado<\/span><\/td>\n<\/tr>\n<tr class=\"a-spacing-small po-skin_type\">\n<td class=\"a-span3\"><span class=\"a-size-base a-text-bold\">Tipo de piel<\/span><\/td>\n<td class=\"a-span9\"><span class=\"a-size-base po-break-word\">Combination, Dry, Normal<\/span><\/td>\n<\/tr>\n<tr class=\"a-spacing-small po-finish_type\">\n<td class=\"a-span3\"><span class=\"a-size-base a-text-bold\">Tipo de acabado<\/span><\/td>\n<td class=\"a-span9\"><span class=\"a-size-base po-break-word\">Mate.<\/span><\/td>\n<\/tr>\n<tr class=\"a-spacing-small po-container.type\">\n<td class=\"a-span3\"><span class=\"a-size-base a-text-bold\">Informaci\u00f3n del empaque<\/span><\/td>\n<td class=\"a-span9\"><span class=\"a-size-base po-break-word\">Botella<\/span><\/td>\n<\/tr>\n<tr class=\"a-spacing-small po-brand\">\n<td class=\"a-span3\"><span class=\"a-size-base a-text-bold\">Marca<\/span><\/td>\n<td class=\"a-span9\"><span class=\"a-size-base po-break-word\">Milani<\/span><\/td>\n<\/tr>\n<\/tbody>\n<\/table>\n<\/div>\n<\/div>\n<div id=\"featurebullets_feature_div\" class=\"celwidget\" data-feature-name=\"featurebullets\" data-csa-c-type=\"widget\" data-csa-c-content-id=\"featurebullets\" data-csa-c-slot-id=\"featurebullets_feature_div\" data-csa-c-asin=\"B08358QHBJ\" data-csa-c-is-in-initial-active-row=\"false\" data-csa-c-id=\"hu61ls-d25gwa-1qg5d9-7608m8\" data-cel-widget=\"featurebullets_feature_div\">\n<div id=\"feature-bullets\" class=\"a-section a-spacing-medium a-spacing-top-small\"><\/div>\n<\/div>\n<div id=\"provenanceCertifications_feature_div\" class=\"celwidget\" data-feature-name=\"provenanceCertifications\" data-csa-c-type=\"widget\" data-csa-c-content-id=\"provenanceCertifications\" data-csa-c-slot-id=\"provenanceCertifications_feature_div\" data-csa-c-asin=\"B08358QHBJ\" data-csa-c-is-in-initial-active-row=\"false\" data-csa-c-id=\"3zgyxo-zakdv2-v2681q-gg3hk8\" data-cel-widget=\"provenanceCertifications_feature_div\">\n<div id=\"provenance-certifications\" class=\"a-section a-spacing-medium a-spacing-top-micro\"><\/div>\n<\/div>\n","protected":false},"featured_media":6048,"comment_status":"open","ping_status":"closed","template":"","meta":[],"pwb-brand":[106],"product_cat":[15],"product_tag":[73],"brands":[{"id":106,"name":"Milani","slug":"milani"}],"_links":{"self":[{"href":"https:\/\/leurellas.com\/index.php\/wp-json\/wp\/v2\/product\/6044"}],"collection":[{"href":"https:\/\/leurellas.com\/index.php\/wp-json\/wp\/v2\/product"}],"about":[{"href":"https:\/\/leurellas.com\/index.php\/wp-json\/wp\/v2\/types\/product"}],"replies":[{"embeddable":true,"href":"https:\/\/leurellas.com\/index.php\/wp-json\/wp\/v2\/comments?post=6044"}],"wp:featuredmedia":[{"embeddable":true,"href":"https:\/\/leurellas.com\/index.php\/wp-json\/wp\/v2\/media\/6048"}],"wp:attachment":[{"href":"https:\/\/leurellas.com\/index.php\/wp-json\/wp\/v2\/media?parent=6044"}],"wp:term":[{"taxonomy":"pwb-brand","embeddable":true,"href":"https:\/\/leurellas.com\/index.php\/wp-json\/wp\/v2\/pwb-brand?post=6044"},{"taxonomy":"product_cat","embeddable":true,"href":"https:\/\/leurellas.com\/index.php\/wp-json\/wp\/v2\/product_cat?post=6044"},{"taxonomy":"product_tag","embeddable":true,"href":"https:\/\/leurellas.com\/index.php\/wp-json\/wp\/v2\/product_tag?post=6044"}],"curies":[{"name":"wp","href":"https:\/\/api.w.org\/{rel}","templated":true}]}}