{"id":6013,"date":"2023-08-09T03:41:52","date_gmt":"2023-08-09T03:41:52","guid":{"rendered":"https:\/\/leurellas.com\/?page_id=6013"},"modified":"2023-08-09T03:41:54","modified_gmt":"2023-08-09T03:41:54","slug":"terminos-de-uso","status":"publish","type":"page","link":"https:\/\/leurellas.com\/index.php\/terminos-de-uso\/","title":{"rendered":"T\u00e9rminos de Uso"},"content":{"rendered":"\n<p>Bienvenido a la p\u00e1gina web de Leurellas Pretty Face (&#8220;nosotros&#8221;, &#8220;nuestro&#8221;, &#8220;nos&#8221;). Al acceder y utilizar nuestro sitio web, aceptas cumplir y estar sujeto a los siguientes t\u00e9rminos y condiciones de uso, junto con nuestra Pol\u00edtica de Privacidad. Si no est\u00e1s de acuerdo con estos t\u00e9rminos, te recomendamos que no utilices nuestro sitio.<\/p>\n\n\n\n<p><strong>Uso del Sitio Web<\/strong><\/p>\n\n\n\n<ol>\n<li>El contenido de este sitio web es solo para fines informativos. No garantizamos la exactitud, integridad o actualidad de la informaci\u00f3n proporcionada.<\/li>\n\n\n\n<li>Te comprometes a utilizar este sitio web de manera \u00e9tica y legal. No debes realizar actividades que puedan da\u00f1ar, interferir o comprometer la seguridad del sitio.<\/li>\n<\/ol>\n\n\n\n<p><strong>Propiedad Intelectual<\/strong><\/p>\n\n\n\n<ol>\n<li>Todos los contenidos y materiales presentes en este sitio, incluyendo pero no limitado a texto, gr\u00e1ficos, logotipos, im\u00e1genes y software, son propiedad de Leurellas Pretty Face o sus proveedores y est\u00e1n protegidos por leyes de derechos de autor y propiedad intelectual.<\/li>\n\n\n\n<li>No se permite la reproducci\u00f3n, distribuci\u00f3n, modificaci\u00f3n o utilizaci\u00f3n de nuestros contenidos con fines comerciales sin nuestro consentimiento previo por escrito.<\/li>\n<\/ol>\n\n\n\n<p><strong>Enlaces a Terceros<\/strong><\/p>\n\n\n\n<ol>\n<li>Nuestro sitio web puede contener enlaces a sitios de terceros. No somos responsables de la precisi\u00f3n, contenido o pol\u00edticas de privacidad de esos sitios. El acceso a cualquier sitio de terceros es bajo tu propio riesgo.<\/li>\n<\/ol>\n\n\n\n<p><strong>Comentarios y Contribuciones de Usuarios<\/strong><\/p>\n\n\n\n<ol>\n<li>Al enviar comentarios, opiniones o contribuciones al sitio web, nos otorgas el derecho no exclusivo, libre de regal\u00edas y sublicenciable para utilizar, reproducir, modificar y distribuir dichos contenidos.<\/li>\n\n\n\n<li>No se permite la publicaci\u00f3n de contenido difamatorio, obsceno, ilegal o que infrinja los derechos de terceros.<\/li>\n<\/ol>\n\n\n\n<p><strong>Limitaci\u00f3n de Responsabilidad<\/strong><\/p>\n\n\n\n<ol>\n<li>No nos hacemos responsables por cualquier da\u00f1o directo, indirecto, incidental o consecuente que surja del uso de este sitio web.<\/li>\n<\/ol>\n\n\n\n<p><strong>Cambios a los T\u00e9rminos de Uso<\/strong><\/p>\n\n\n\n<p>Nos reservamos el derecho de modificar estos t\u00e9rminos en cualquier momento sin previo aviso. Es tu responsabilidad revisar peri\u00f3dicamente estos t\u00e9rminos para estar al tanto de las actualizaciones.<\/p>\n\n\n\n<p><strong>Contacto<\/strong><\/p>\n\n\n\n<p>Si tienes preguntas o inquietudes sobre estos t\u00e9rminos de uso, por favor cont\u00e1ctanos a trav\u00e9s de la informaci\u00f3n proporcionada en la secci\u00f3n de contacto de nuestro sitio web.<\/p>\n","protected":false},"excerpt":{"rendered":"<p>Bienvenido a la p\u00e1gina web de Leurellas Pretty Face (&#8220;nosotros&#8221;, &#8220;nuestro&#8221;, &#8220;nos&#8221;). Al acceder y utilizar nuestro sitio web, aceptas cumplir y estar sujeto a los siguientes t\u00e9rminos y condiciones [&hellip;]<\/p>\n","protected":false},"author":2,"featured_media":0,"parent":0,"menu_order":0,"comment_status":"closed","ping_status":"closed","template":"","meta":[],"_links":{"self":[{"href":"https:\/\/leurellas.com\/index.php\/wp-json\/wp\/v2\/pages\/6013"}],"collection":[{"href":"https:\/\/leurellas.com\/index.php\/wp-json\/wp\/v2\/pages"}],"about":[{"href":"https:\/\/leurellas.com\/index.php\/wp-json\/wp\/v2\/types\/page"}],"author":[{"embeddable":true,"href":"https:\/\/leurellas.com\/index.php\/wp-json\/wp\/v2\/users\/2"}],"replies":[{"embeddable":true,"href":"https:\/\/leurellas.com\/index.php\/wp-json\/wp\/v2\/comments?post=6013"}],"version-history":[{"count":1,"href":"https:\/\/leurellas.com\/index.php\/wp-json\/wp\/v2\/pages\/6013\/revisions"}],"predecessor-version":[{"id":6014,"href":"https:\/\/leurellas.com\/index.php\/wp-json\/wp\/v2\/pages\/6013\/revisions\/6014"}],"wp:attachment":[{"href":"https:\/\/leurellas.com\/index.php\/wp-json\/wp\/v2\/media?parent=6013"}],"curies":[{"name":"wp","href":"https:\/\/api.w.org\/{rel}","templated":true}]}}